{"id":80,"date":"2017-08-25T21:50:43","date_gmt":"2017-08-25T19:50:43","guid":{"rendered":"http:\/\/neu.vadib.de\/?page_id=80"},"modified":"2024-06-09T13:52:26","modified_gmt":"2024-06-09T11:52:26","slug":"beitragsordnung","status":"publish","type":"page","link":"https:\/\/www.vadib.de\/?page_id=80","title":{"rendered":"Beitragsordnung"},"content":{"rendered":"\n<h1 class=\"wp-block-heading\">Beitragsordnung des VaDiB e.V.<\/h1>\n\n\n\n<p><a href=\"https:\/\/www.vadib.de\/wp-content\/uploads\/2017\/08\/VaDiB_Beitragsordnung_060918.pdf\">Druckversion<\/a><\/p>\n\n\n\n<p>Der Beitrag f\u00fcr die Mitgliedschaft&nbsp;im \u201eVerbund arbeitsmarktpolitischer Dienstleister in Bremen e.V.\u201c wird gem\u00e4\u00df \u00a7 6 der Satzung des Vereins durch diese Beitragsordnung festgelegt.<\/p>\n\n\n\n<p><strong>I.&nbsp;&nbsp; Ordentliches Mitglied<\/strong><\/p>\n\n\n\n<p>Der j\u00e4hrliche Mitgliedsbeitrag betr\u00e4gt f\u00fcr ordentliche Mitglieder (gem\u00e4\u00df \u00a7 3 S\u00e4tze 1 f. der Satzung):<\/p>\n\n\n\n<p>1. Standardbeitrag 1.800 Euro,&nbsp;wobei nach eigener Einsch\u00e4tzung und Leistungsf\u00e4higkeit ein<br>2. Mindestbeitrag in H\u00f6he von&nbsp;900 Euro&nbsp;oder ein<br>3. Solidarbeitrag in H\u00f6he von&nbsp;2.700 Euro&nbsp;festgelegt werden kann.<\/p>\n\n\n\n<p>Beratungstr\u00e4ger haben die M\u00f6glichkeit, zu einem speziellen Mitgliedsbeitrag ordentliches Mitglied des VaDiB zu werden. Dieser g\u00fcnstigere Beitrag ergibt sich aus der \u00dcberlegung, dass Beratungstr\u00e4ger nur von einem Teil der VaDiB-Aktivit\u00e4ten profitieren, ihnen aber trotz\u00addem die M\u00f6glichkeit einer ordentlichen Mitgliedschaft gew\u00e4hrt werden soll. Beratungstr\u00e4ger sind Organisationen, die arbeitslose Menschen (auch Teilnehmer\/innen aus den Ma\u00dfnah\u00admen der Bildungs- und Besch\u00e4ftigungstr\u00e4ger) bei Fragen beraten, die in Zusammenhang mit ihrer Arbeitslosigkeit stehen. Die j\u00e4hrliche Beitragsh\u00f6he f\u00fcr Beratungstr\u00e4ger betr\u00e4gt 450 Euro.<\/p>\n\n\n\n<p><strong>II.&nbsp;&nbsp; Gaststatus<\/strong><\/p>\n\n\n\n<p>Es besteht die M\u00f6glichkeit einen Gaststatus im VaDiB zu erwerben. Der Gaststatus soll es Tr\u00e4gern erm\u00f6glichen, sich die Arbeit des Verbundes genauer anzusehen, um im Anschluss entscheiden zu k\u00f6nnen, ob eine ordentliche Mitgliedschaft angestrebt wird. Der Gaststatus umfasst folgende Rahmenbedingungen:<\/p>\n\n\n\n<ul class=\"wp-block-list\">\n<li>Tr\u00e4ger, die bisher kein Mitglied des VaDiB sind oder waren, haben die M\u00f6glichkeit,<br>Gast im VaDiB zu werden.<\/li>\n\n\n\n<li>Mit dem schriftlichen Antrag auf Gaststatus wird ebenso verfahren wie mit Antr\u00e4gen auf eine ordentliche Mitgliedschaft (\u00dcberpr\u00fcfung in der Vorstandssitzung, Entschei\u00addung in der Mitgliederversammlung).<\/li>\n\n\n\n<li>Der Gaststatus wird f\u00fcr sechs Monate abgeschlossen.<\/li>\n\n\n\n<li>Wird der Gaststatus innerhalb dieses Zeitraums nicht ordnungsgem\u00e4\u00df gek\u00fcndigt, geht er automatisch in eine ordentliche Mitgliedschaft \u00fcber.<\/li>\n\n\n\n<li>Die Beitragsh\u00f6he f\u00fcr sechs Monate Gaststatus umfasst 250 Euro.<\/li>\n\n\n\n<li>Vertreter\/innen des Gasttr\u00e4gers werden zu allen Aktivit\u00e4ten des Verbundes einge\u00adla\u00adden (Mitgliedsversammlungen, Arbeitskreise, Veranstaltungen etc.) und k\u00f6nnen an ihnen teilnehmen.<\/li>\n\n\n\n<li>Der\/die Vertreter\/in des Gasttr\u00e4gers ist im Rahmen von Mitgliedsversammlungen nicht stimmberechtigt.<\/li>\n\n\n\n<li>Vertreter\/innen von Gasttr\u00e4gern k\u00f6nnen innerhalb des VaDiB keine \u00c4mter bekleiden.<\/li>\n\n\n\n<li>Der Gaststatus kann auf schriftlichen Antrag bereits vor Beendigung der sechs Mona\u00adte in eine ordentliche Mitgliedschaft \u00fcberf\u00fchrt werden. In diesem Fall wird der Beitrag von 250 Euro nicht anteilig zur\u00fcckgezahlt und auch nicht mit der Beitragsgeb\u00fchr der ordentlichen Mitgliedschaft verrechnet.<\/li>\n<\/ul>\n\n\n\n<p><strong>III. F\u00f6rdermitgliedschaft<\/strong><\/p>\n\n\n\n<p>F\u00fcr F\u00f6rdermitglieder (gem\u00e4\u00df \u00a7 3 Satz 7 ff. der Satzung) wird der Mitgliedsbeitrag nach Selbsteinsch\u00e4tzung<strong>,<\/strong> aber mit mindestens 120 Euro festgelegt<strong>.<\/strong><\/p>\n\n\n\n<p>Alle Beitr\u00e4ge gelten f\u00fcr ein Kalenderjahr.<\/p>\n\n\n\n<p>Der Mitgliedsbeitrag ist in zwei Raten, jeweils zum 1. Januar und 1. Juli eines Jahres f\u00e4llig. Er wird zum 01.01.2006 erstmalig erhoben. Die Mitglieder erhalten bei F\u00e4lligkeit eine Rechnung vom Verein.<\/p>\n\n\n\n<p>Erfolgt der Eintritt eines Mitgliedes im Laufe eines Kalenderjahres, so verringert sich der Jahresbeitrag um ein Zw\u00f6lftel f\u00fcr jeden bereits vollst\u00e4ndig abgelaufenen Monat.<\/p>\n\n\n\n<p>Die Beendigung der Mitgliedschaft ist gem\u00e4\u00df \u00a7 4 der Satzung nur zum Ende eines Kalen\u00adderjahres m\u00f6glich. Es ist der volle Jahresbeitrag zu zahlen.<\/p>\n\n\n\n<p>Bremen, den 18. September 2006<\/p>\n\n\n\n<p>Diese Beitragsordnung wurde auf der Mitgliederversammlung des Vereins beschlossen und bleibt g\u00fcltig, bis sie von einer Mitgliederversammlung, bei der mindestens 50% der Mitglieder anwesend sein m\u00fcssen, mit einer Mehrheit von drei Viertel der anwe\u00adsen\u00adden Mitglieder ge\u00e4ndert wird.<\/p>\n","protected":false},"excerpt":{"rendered":"<p>Beitragsordnung des VaDiB e.V. Druckversion Der Beitrag f\u00fcr die Mitgliedschaft&nbsp;im \u201eVerbund arbeitsmarktpolitischer Dienstleister in Bremen e.V.\u201c wird gem\u00e4\u00df \u00a7 6 der Satzung des Vereins durch diese Beitragsordnung festgelegt. I.&nbsp;&nbsp; Ordentliches Mitglied Der j\u00e4hrliche Mitgliedsbeitrag betr\u00e4gt f\u00fcr ordentliche Mitglieder (gem\u00e4\u00df \u00a7 3 S\u00e4tze 1 f. der Satzung): 1. Standardbeitrag 1.800 Euro,&nbsp;wobei nach eigener Einsch\u00e4tzung und Leistungsf\u00e4higkeit &hellip; <\/p>\n<p class=\"link-more\"><a href=\"https:\/\/www.vadib.de\/?page_id=80\" class=\"more-link\"><span class=\"screen-reader-text\">\u201eBeitragsordnung\u201c <\/span>weiterlesen<\/a><\/p>\n","protected":false},"author":1,"featured_media":0,"parent":0,"menu_order":0,"comment_status":"closed","ping_status":"closed","template":"","meta":{"footnotes":""},"class_list":["post-80","page","type-page","status-publish","hentry"],"_links":{"self":[{"href":"https:\/\/www.vadib.de\/index.php?rest_route=\/wp\/v2\/pages\/80","targetHints":{"allow":["GET"]}}],"collection":[{"href":"https:\/\/www.vadib.de\/index.php?rest_route=\/wp\/v2\/pages"}],"about":[{"href":"https:\/\/www.vadib.de\/index.php?rest_route=\/wp\/v2\/types\/page"}],"author":[{"embeddable":true,"href":"https:\/\/www.vadib.de\/index.php?rest_route=\/wp\/v2\/users\/1"}],"replies":[{"embeddable":true,"href":"https:\/\/www.vadib.de\/index.php?rest_route=%2Fwp%2Fv2%2Fcomments&post=80"}],"version-history":[{"count":6,"href":"https:\/\/www.vadib.de\/index.php?rest_route=\/wp\/v2\/pages\/80\/revisions"}],"predecessor-version":[{"id":19244,"href":"https:\/\/www.vadib.de\/index.php?rest_route=\/wp\/v2\/pages\/80\/revisions\/19244"}],"wp:attachment":[{"href":"https:\/\/www.vadib.de\/index.php?rest_route=%2Fwp%2Fv2%2Fmedia&parent=80"}],"curies":[{"name":"wp","href":"https:\/\/api.w.org\/{rel}","templated":true}]}}