{"id":8,"date":"2017-08-25T18:51:26","date_gmt":"2017-08-25T16:51:26","guid":{"rendered":"http:\/\/neu.vadib.de\/?page_id=8"},"modified":"2024-06-09T13:53:58","modified_gmt":"2024-06-09T11:53:58","slug":"ueber-mich","status":"publish","type":"page","link":"https:\/\/www.vadib.de\/?page_id=8","title":{"rendered":"Leitbild"},"content":{"rendered":"\n<h1 class=\"wp-block-heading\"><span style=\"color: #000000;\">Kooperation statt Konkurrenz<\/span><\/h1>\n\n\n\n<p>Vereint durch den Leitgedanken <em>Kooperation statt Konkurrenz<\/em>, gemeinsam aktiv die Arbeitsmarktpolitik in Bremen&nbsp;und dem Bremer Umland zu gestalten und somit der Arbeitslosigkeit direkt entgegenzuwirken,&nbsp;haben Akteure der Arbeitsmarktpolitik \u2013 Besch\u00e4ftigungs- und Weiterbildungstr\u00e4ger sowie Beratungseinrichtungen \u2013 im Oktober 2005 den Verbund arbeitsmarktpolitischer Dienstleister&nbsp;in Bremen e. V. (VaDiB) gegr\u00fcndet.<\/p>\n\n\n\n<p>So verbindet sich in Bremen die Vielfalt der arbeitsmarktpolitischen Dienstleister&nbsp;unter einem gemeinsamen Dach und garantiert eine professionelle Kommunikationsstruktur&nbsp;und Interessenvertretung. Die VaDiB-Mitglieder setzen sich f\u00fcr die Entwicklung und Sicherung gemeinsamer Qualit\u00e4tsziele auf allen Aktionsebenen ein und suchen den Dialog mit Politik, Wirtschaft und Auftraggebern, um neue Impulse in die Umsetzung und Nachhaltigkeit von Bildungs- und Besch\u00e4ftigungsma\u00dfnahmen&nbsp;einzubringen.<\/p>\n\n\n\n<p>VaDiB steht f\u00fcr eine hohe Qualit\u00e4t im Bereich von Fort-, Weiterbildungs- und Besch\u00e4ftigungsma\u00dfnahmen zur Integration erwerbsloser Menschen in den ersten Arbeitsmarkt und setzt sich f\u00fcr den Erhalt der regionalen Angebotsstrukturen ein.<\/p>\n","protected":false},"excerpt":{"rendered":"<p>Kooperation statt Konkurrenz Vereint durch den Leitgedanken Kooperation statt Konkurrenz, gemeinsam aktiv die Arbeitsmarktpolitik in Bremen&nbsp;und dem Bremer Umland zu gestalten und somit der Arbeitslosigkeit direkt entgegenzuwirken,&nbsp;haben Akteure der Arbeitsmarktpolitik \u2013 Besch\u00e4ftigungs- und Weiterbildungstr\u00e4ger sowie Beratungseinrichtungen \u2013 im Oktober 2005 den Verbund arbeitsmarktpolitischer Dienstleister&nbsp;in Bremen e. V. (VaDiB) gegr\u00fcndet. So verbindet sich in Bremen die &hellip; <\/p>\n<p class=\"link-more\"><a href=\"https:\/\/www.vadib.de\/?page_id=8\" class=\"more-link\"><span class=\"screen-reader-text\">\u201eLeitbild\u201c <\/span>weiterlesen<\/a><\/p>\n","protected":false},"author":1,"featured_media":0,"parent":0,"menu_order":0,"comment_status":"closed","ping_status":"closed","template":"","meta":{"footnotes":""},"class_list":["post-8","page","type-page","status-publish","hentry"],"_links":{"self":[{"href":"https:\/\/www.vadib.de\/index.php?rest_route=\/wp\/v2\/pages\/8","targetHints":{"allow":["GET"]}}],"collection":[{"href":"https:\/\/www.vadib.de\/index.php?rest_route=\/wp\/v2\/pages"}],"about":[{"href":"https:\/\/www.vadib.de\/index.php?rest_route=\/wp\/v2\/types\/page"}],"author":[{"embeddable":true,"href":"https:\/\/www.vadib.de\/index.php?rest_route=\/wp\/v2\/users\/1"}],"replies":[{"embeddable":true,"href":"https:\/\/www.vadib.de\/index.php?rest_route=%2Fwp%2Fv2%2Fcomments&post=8"}],"version-history":[{"count":25,"href":"https:\/\/www.vadib.de\/index.php?rest_route=\/wp\/v2\/pages\/8\/revisions"}],"predecessor-version":[{"id":19246,"href":"https:\/\/www.vadib.de\/index.php?rest_route=\/wp\/v2\/pages\/8\/revisions\/19246"}],"wp:attachment":[{"href":"https:\/\/www.vadib.de\/index.php?rest_route=%2Fwp%2Fv2%2Fmedia&parent=8"}],"curies":[{"name":"wp","href":"https:\/\/api.w.org\/{rel}","templated":true}]}}