{"id":5897,"date":"2019-12-03T15:02:07","date_gmt":"2019-12-03T14:02:07","guid":{"rendered":"https:\/\/www.vadib.de\/?page_id=5897"},"modified":"2025-06-19T12:55:29","modified_gmt":"2025-06-19T10:55:29","slug":"newsletter","status":"publish","type":"page","link":"https:\/\/www.vadib.de\/?page_id=5897","title":{"rendered":"Newsletter"},"content":{"rendered":"\n<p><strong><a href=\"https:\/\/seu2.cleverreach.com\/f\/242502-238485\/\">Newsletter anmelden<\/a><\/strong><\/p>\n\n\n\n<p class=\"has-text-align-left\"><a href=\"https:\/\/seu2.cleverreach.com\/f\/242502-238485\/wwu\/\">Newsletter abmelden<\/a><\/p>\n\n\n\n<p>Mit dem Newsletter informieren wir Sie regelm\u00e4\u00dfig (w\u00f6chentlich &#8211; &#8222;high noon&#8220; am Sonntag) per E-Mail \u00fcber aktuelle Beitr\u00e4ge sowie aktuelle Informationen aus dem Verbund. Sie k\u00f6nnen diese Beitr\u00e4ge dar\u00fcber hinaus auch weiterhin und bleibend unter <strong><a href=\"https:\/\/www.vadib.de\/?page_id=10\">Aktuelles<\/a><\/strong> auf der VaDiB-WebSite finden.<\/p>\n\n\n\n<p>Wir nutzen zum Versand unserer Software den Newsletter-Anbieter <a href=\"https:\/\/www.cleverreach.com\/de\/\">CleverReach<\/a>.<\/p>\n\n\n\n<p>Ihre eingegebene E-Mail-Adresse wird lediglich verwendet, um Ihnen den Newsletter zuzusenden. Ihre E-Mail-Adresse wird nicht an Dritte weitergegeben. Sie k\u00f6nnen sich jederzeit aus dem Newsletter heraus abmelden oder Ihre Einwilligung jederzeit per E-Mail an info@vadib.de widerrufen. Ihre Daten werden nach Beendigung des Newsletter-Empfangs innerhalb von einer Woche gel\u00f6scht. Durch Absenden der von Ihnen eingegebenen Daten willigen Sie in die Datenverarbeitung ein und best\u00e4tigen unsere <a href=\"https:\/\/www.vadib.de\/?page_id=118\"><strong>Datenschutzerkl\u00e4rung<\/strong><\/a>.<\/p>\n","protected":false},"excerpt":{"rendered":"<p>Newsletter anmelden Newsletter abmelden Mit dem Newsletter informieren wir Sie regelm\u00e4\u00dfig (w\u00f6chentlich &#8211; &#8222;high noon&#8220; am Sonntag) per E-Mail \u00fcber aktuelle Beitr\u00e4ge sowie aktuelle Informationen aus dem Verbund. Sie k\u00f6nnen diese Beitr\u00e4ge dar\u00fcber hinaus auch weiterhin und bleibend unter Aktuelles auf der VaDiB-WebSite finden. Wir nutzen zum Versand unserer Software den Newsletter-Anbieter CleverReach. Ihre eingegebene &hellip; <\/p>\n<p class=\"link-more\"><a href=\"https:\/\/www.vadib.de\/?page_id=5897\" class=\"more-link\"><span class=\"screen-reader-text\">\u201eNewsletter\u201c <\/span>weiterlesen<\/a><\/p>\n","protected":false},"author":1,"featured_media":0,"parent":0,"menu_order":0,"comment_status":"closed","ping_status":"closed","template":"","meta":{"footnotes":""},"class_list":["post-5897","page","type-page","status-publish","hentry"],"_links":{"self":[{"href":"https:\/\/www.vadib.de\/index.php?rest_route=\/wp\/v2\/pages\/5897","targetHints":{"allow":["GET"]}}],"collection":[{"href":"https:\/\/www.vadib.de\/index.php?rest_route=\/wp\/v2\/pages"}],"about":[{"href":"https:\/\/www.vadib.de\/index.php?rest_route=\/wp\/v2\/types\/page"}],"author":[{"embeddable":true,"href":"https:\/\/www.vadib.de\/index.php?rest_route=\/wp\/v2\/users\/1"}],"replies":[{"embeddable":true,"href":"https:\/\/www.vadib.de\/index.php?rest_route=%2Fwp%2Fv2%2Fcomments&post=5897"}],"version-history":[{"count":15,"href":"https:\/\/www.vadib.de\/index.php?rest_route=\/wp\/v2\/pages\/5897\/revisions"}],"predecessor-version":[{"id":23725,"href":"https:\/\/www.vadib.de\/index.php?rest_route=\/wp\/v2\/pages\/5897\/revisions\/23725"}],"wp:attachment":[{"href":"https:\/\/www.vadib.de\/index.php?rest_route=%2Fwp%2Fv2%2Fmedia&parent=5897"}],"curies":[{"name":"wp","href":"https:\/\/api.w.org\/{rel}","templated":true}]}}