{"id":27216,"date":"2026-05-07T14:28:59","date_gmt":"2026-05-07T12:28:59","guid":{"rendered":"https:\/\/www.vadib.de\/?page_id=27216"},"modified":"2026-05-11T13:22:48","modified_gmt":"2026-05-11T11:22:48","slug":"fachtag-qualifizieren-fuer-beschaeftigung-2-2-2","status":"publish","type":"page","link":"https:\/\/www.vadib.de\/?page_id=27216","title":{"rendered":"Fachtag \u201eWas k\u00f6nnen Teilqualifikationen leisten?\u201c (April 2026)"},"content":{"rendered":"\n<h1 class=\"wp-block-heading\">Was k\u00f6nnen Teilqualifikationen leisten?<\/h1>\n\n\n\n<p>Ein R\u00fcckblick auf die <strong>Veranstaltung des Verbundes arbeitsmarktpolitischer Dienstleister in Bremen e.V. (VaDiB)<\/strong> in Kooperation mit der <strong>Landesagentur f\u00fcr berufliche Weiterbildung und Transformation (LABEW+)<\/strong> am 23. April 2026 im KWADRAT.<\/p>\n\n\n\n<div class=\"wp-block-media-text is-stacked-on-mobile is-vertically-aligned-top\"><figure class=\"wp-block-media-text__media\"><a href=\"https:\/\/www.vadib.de\/wp-content\/uploads\/2026\/05\/TQ_2604_01.jpg\"><img loading=\"lazy\" decoding=\"async\" width=\"753\" height=\"1000\" src=\"https:\/\/www.vadib.de\/wp-content\/uploads\/2026\/05\/TQ_2604_01.jpg\" alt=\"\" class=\"wp-image-27221 size-full\" srcset=\"https:\/\/www.vadib.de\/wp-content\/uploads\/2026\/05\/TQ_2604_01.jpg 753w, https:\/\/www.vadib.de\/wp-content\/uploads\/2026\/05\/TQ_2604_01-226x300.jpg 226w\" sizes=\"auto, (max-width: 706px) 89vw, (max-width: 767px) 82vw, 740px\" \/><\/a><\/figure><div class=\"wp-block-media-text__content\">\n<p><br><strong>Frauke Felix<\/strong> (Vorstandsvorsitzende des VaDiB) und <strong>Dr. Thorbj\u00f6rn Ferber <\/strong>(LABEW+), begleiteten durch die Veranstaltung und moderierten die Podiumsdiskussion.<\/p>\n<\/div><\/div>\n\n\n\n<p>In Deutschland haben 56 % der erwerbslosen Menschen keinen formalen Berufsabschluss. In Bremen sind es laut Arbeitnehmerkammer Bremen sogar 67 %. Vor diesem Hintergrund fand der Fachtag mit der Fragestellung statt: Was kann der Erwerb von Teilqualifikationen dazu beitragen, Besch\u00e4ftigungsm\u00f6glichkeiten zu verbessern?<\/p>\n\n\n\n<p>Mehr als 70 Engagierte aus Politik, Verwaltung, Tr\u00e4gerlandschaft und Stadtteilen sind unserer Einladung gefolgt.<\/p>\n\n\n\n<hr class=\"wp-block-separator has-alpha-channel-opacity is-style-wide\"\/>\n\n\n\n<div class=\"wp-block-media-text has-media-on-the-right is-stacked-on-mobile is-vertically-aligned-top\"><div class=\"wp-block-media-text__content\">\n<p><br>Im ersten Vortrag verdeutlichte <strong>Dr. Martin Noack<\/strong> (Bertelsmann Stiftung), wie wichtig Teilqualifikationen f\u00fcr die Gruppe der Geringqualifizierten und somit auch f\u00fcr die Stabilisierung der Besch\u00e4ftigungsquote sein kann.<\/p>\n\n\n\n<p><a href=\"https:\/\/www.vadib.de\/wp-content\/uploads\/2026\/05\/1_Impuls1_Martin-Noack_Bertelsmann.pdf\">Pr\u00e4sentation anschauen<\/a><\/p>\n<\/div><figure class=\"wp-block-media-text__media\"><a href=\"https:\/\/www.vadib.de\/wp-content\/uploads\/2026\/05\/TQ_2604_02.jpg\"><img loading=\"lazy\" decoding=\"async\" width=\"753\" height=\"1000\" src=\"https:\/\/www.vadib.de\/wp-content\/uploads\/2026\/05\/TQ_2604_02.jpg\" alt=\"\" class=\"wp-image-27223 size-full\" srcset=\"https:\/\/www.vadib.de\/wp-content\/uploads\/2026\/05\/TQ_2604_02.jpg 753w, https:\/\/www.vadib.de\/wp-content\/uploads\/2026\/05\/TQ_2604_02-226x300.jpg 226w\" sizes=\"auto, (max-width: 706px) 89vw, (max-width: 767px) 82vw, 740px\" \/><\/a><\/figure><\/div>\n\n\n\n<hr class=\"wp-block-separator has-alpha-channel-opacity is-style-wide\"\/>\n\n\n\n<div class=\"wp-block-media-text alignwide is-stacked-on-mobile is-vertically-aligned-top\"><figure class=\"wp-block-media-text__media\"><a href=\"https:\/\/www.vadib.de\/wp-content\/uploads\/2026\/05\/TQ_2604_03.jpg\"><img loading=\"lazy\" decoding=\"async\" width=\"753\" height=\"1000\" src=\"https:\/\/www.vadib.de\/wp-content\/uploads\/2026\/05\/TQ_2604_03.jpg\" alt=\"\" class=\"wp-image-27225 size-full\" srcset=\"https:\/\/www.vadib.de\/wp-content\/uploads\/2026\/05\/TQ_2604_03.jpg 753w, https:\/\/www.vadib.de\/wp-content\/uploads\/2026\/05\/TQ_2604_03-226x300.jpg 226w\" sizes=\"auto, (max-width: 706px) 89vw, (max-width: 767px) 82vw, 740px\" \/><\/a><\/figure><div class=\"wp-block-media-text__content\">\n<p><br>Im zweiten Vortrag stellte <strong>Reiner Engel<\/strong> (Gesch\u00e4ftsf\u00fchrer der TERTIA-Gruppe) sehr anschaulich die Initiative <a href=\"https:\/\/mytq.de\/\">MY\u2219TQ<\/a> vor. \u00a0Neben der Frage, wie Kompetenz im Berufsleben nacheinander aufgebaut werden kann, hat er auch auf die Grenzen der Umsetzbarkeit aus Sicht der Bildungstr\u00e4ger angesprochen \u2013 Thema Finanzierung.<\/p>\n\n\n\n<p><a href=\"https:\/\/www.vadib.de\/wp-content\/uploads\/2026\/05\/2_Good-Practice1_Reiner-Engel_Tertia.pdf\">Pr\u00e4sentation anschauen<\/a><\/p>\n\n\n\n<p><br><\/p>\n<\/div><\/div>\n\n\n\n<hr class=\"wp-block-separator has-alpha-channel-opacity is-style-wide\"\/>\n\n\n\n<div class=\"wp-block-media-text has-media-on-the-right is-stacked-on-mobile is-vertically-aligned-top\"><div class=\"wp-block-media-text__content\">\n<p><br>Im dritten Vortrag veranschaulichte <strong>Olaf Mittelmann <\/strong>(Gesch\u00e4ftsf\u00fchrender Vorstand SVG Bremen) die Chancen, aber auch die Probleme der Teilqualifikationen aus Sicht der Branche G\u00fcterverkehr und Personenbef\u00f6rderung.<\/p>\n\n\n\n<p><a href=\"https:\/\/www.vadib.de\/wp-content\/uploads\/2026\/05\/3_Good-Practice2_Olaf-Mittelmann_SVG.pdf\">Pr\u00e4sentation anschauen<\/a><\/p>\n<\/div><figure class=\"wp-block-media-text__media\"><a href=\"https:\/\/www.vadib.de\/wp-content\/uploads\/2026\/05\/TQ_2604_04.jpg\"><img loading=\"lazy\" decoding=\"async\" width=\"753\" height=\"1000\" src=\"https:\/\/www.vadib.de\/wp-content\/uploads\/2026\/05\/TQ_2604_04.jpg\" alt=\"\" class=\"wp-image-27228 size-full\" srcset=\"https:\/\/www.vadib.de\/wp-content\/uploads\/2026\/05\/TQ_2604_04.jpg 753w, https:\/\/www.vadib.de\/wp-content\/uploads\/2026\/05\/TQ_2604_04-226x300.jpg 226w\" sizes=\"auto, (max-width: 706px) 89vw, (max-width: 767px) 82vw, 740px\" \/><\/a><\/figure><\/div>\n\n\n\n<hr class=\"wp-block-separator has-alpha-channel-opacity is-style-wide\"\/>\n\n\n\n<div class=\"wp-block-media-text is-stacked-on-mobile is-vertically-aligned-top\"><figure class=\"wp-block-media-text__media\"><a href=\"https:\/\/www.vadib.de\/wp-content\/uploads\/2026\/05\/TQ_2604_05.jpg\"><img loading=\"lazy\" decoding=\"async\" width=\"753\" height=\"1000\" src=\"https:\/\/www.vadib.de\/wp-content\/uploads\/2026\/05\/TQ_2604_05.jpg\" alt=\"\" class=\"wp-image-27230 size-full\" srcset=\"https:\/\/www.vadib.de\/wp-content\/uploads\/2026\/05\/TQ_2604_05.jpg 753w, https:\/\/www.vadib.de\/wp-content\/uploads\/2026\/05\/TQ_2604_05-226x300.jpg 226w\" sizes=\"auto, (max-width: 706px) 89vw, (max-width: 767px) 82vw, 740px\" \/><\/a><\/figure><div class=\"wp-block-media-text__content\">\n<p><br>Im vierten Vortrag ordnete <strong>Peer Rosenthal <\/strong>(Arbeitnehmerkammer Bremen) den aktuellen Stand f\u00fcr das Land Bremen ein, und er stellte dar, welche Chancen und Risiken mit Teilqualifikationen f\u00fcr Arbeitnehmer:innen verbunden sind. Teilqualifikationen sind nur dann sinnvoll, wenn klare Rahmenbedingungen und eine Abschlussorientierung gesichert sind.<\/p>\n\n\n\n<p><a href=\"https:\/\/www.vadib.de\/wp-content\/uploads\/2026\/05\/4_Impuls-2_Peer-Rosenthal_ANK.pdf\">Pr\u00e4sentation anschauen<\/a><\/p>\n\n\n\n<p><a href=\"https:\/\/www.vadib.de\/wp-content\/uploads\/2026\/05\/Arbeitnehmerkammer_Positionspapier_Teilqualifizierungen.pdf\">Positionspapier der Arbeitnehmerkammer Bremen und der Arbeitskammer des Saarlandes<\/a><\/p>\n<\/div><\/div>\n\n\n\n<hr class=\"wp-block-separator has-alpha-channel-opacity is-style-wide\"\/>\n\n\n\n<p><br>Nach einer kurzen Pause wurde auf dem Podium und mit dem Publikum diskutiert.<\/p>\n\n\n\n<figure class=\"wp-block-image size-full\"><a href=\"https:\/\/www.vadib.de\/wp-content\/uploads\/2026\/05\/TQ_2604_06.jpg\"><img loading=\"lazy\" decoding=\"async\" width=\"1000\" height=\"750\" src=\"https:\/\/www.vadib.de\/wp-content\/uploads\/2026\/05\/TQ_2604_06.jpg\" alt=\"\" class=\"wp-image-27233\" srcset=\"https:\/\/www.vadib.de\/wp-content\/uploads\/2026\/05\/TQ_2604_06.jpg 1000w, https:\/\/www.vadib.de\/wp-content\/uploads\/2026\/05\/TQ_2604_06-300x225.jpg 300w, https:\/\/www.vadib.de\/wp-content\/uploads\/2026\/05\/TQ_2604_06-768x576.jpg 768w\" sizes=\"auto, (max-width: 767px) 89vw, (max-width: 1000px) 54vw, (max-width: 1071px) 543px, 580px\" \/><\/a><figcaption class=\"wp-element-caption\">Podiumsdiskussion (von links): <strong>Bj\u00f6rn Reichenbach<\/strong>, Teamleiter im Gesch\u00e4ftsbereich Aus- und Weiterbildung bei der Handelskammer Bremen \u2212 IHK f\u00fcr Bremen und Bremerhaven, <strong>Joachim Ossmann<\/strong>, Vorsitzender der Gesch\u00e4ftsf\u00fchrung der Agentur f\u00fcr Arbeit Bremen-Bremerhaven, <strong>J\u00f6rg Sch\u00e4fer<\/strong>, Koordinator Weiterbildung f\u00fcr Arbeitssuchende bei der Handwerk gGmbH, <strong>Dr. Martin Noack<\/strong>, Senior Expert Betriebliche Bildung und Weiterbildung bei der Bertelsmann Stiftung, <strong>Peer Rosenthal<\/strong>, Hauptgesch\u00e4ftsf\u00fchrer der Arbeitnehmerkammer Bremen.<\/figcaption><\/figure>\n\n\n\n<p>In der Podiumsdiskussion ordneten sich die unterschiedlichen Positionen der Redner zu einer guten Gesamtperspektive. Grunds\u00e4tzlich sei die Finanzierung nicht das Problem, sondern dass viele Arbeitskr\u00e4fte in einer Helfert\u00e4tigkeit verharren. Es gebe aber auch vorgeschaltete Probleme, wie z. B. der Spracherwerb. Aktuell spiele Teilqualifikation im Handwerk keine Rolle, es gebe aber Beratung und Aufkl\u00e4rung zu dem Thema. W\u00fcnschenswert sei mehr Engagement und F\u00f6rderung bei diesem Thema mit dem Ziel, dass es zu mehr Vollqualifizierung (Berufsabschl\u00fcssen) kommt. Am besten sei es, wenn sich in Bremen ein tragf\u00e4higes Modell f\u00fcr Teilqualifizierungen in einer Sparte entwickelt, dass dann als Vorlage in weiteren Bereichen angewendet werden kann.<\/p>\n\n\n\n<hr class=\"wp-block-separator has-alpha-channel-opacity is-style-wide\"\/>\n\n\n\n<h2 class=\"wp-block-heading\">Fazit<\/h2>\n\n\n\n<ul class=\"wp-block-list\">\n<li>Es muss eine attraktive Finanzierung vorhanden sein, damit betreffende Personen sich qualifizieren k\u00f6nnen und Bildungstr\u00e4ger die Qualifikationsma\u00dfnahmen gut umsetzen k\u00f6nnen.<\/li>\n\n\n\n<li>Bremen sollte eine Strategie entwickeln und anfangen, das Modell in einem Wirtschaftsbereich zu etablieren (z. B. Logistik).<\/li>\n\n\n\n<li>Die F\u00f6rderpolitik sollte ge\u00e4ndert werden (Beispiel K\u00f6ln): Qualifizierung \u00fcber zwei Bildungsgutscheine gleichzeitig (Bildungsma\u00dfnahme + Begleitcoaching), damit es nicht nach dem ersten Teilqualifikationsmodul bereits zum Abbruch kommt.<\/li>\n\n\n\n<li>Teilqualifikationen sollten auf Bundesebene standardisiert werden.<\/li>\n\n\n\n<li>Teilqualifikationen sollten keine punktuelle Qualifizierung f\u00fcr kurzfristige Bedarfe sein.<\/li>\n<\/ul>\n\n\n\n<p>Wir m\u00f6chten uns an dieser Stelle bei allen Referierenden, Podiumsg\u00e4sten und Teilnehmenden f\u00fcr den offenen Austausch und die wertvollen Impulse bedanken. Wir werden als VaDiB das Thema weiterverfolgen und bieten bei Fragen der Weiterentwicklung und Umsetzbarkeit gerne das Gespr\u00e4ch an.<\/p>\n","protected":false},"excerpt":{"rendered":"<p>Was k\u00f6nnen Teilqualifikationen leisten? Ein R\u00fcckblick auf die Veranstaltung des Verbundes arbeitsmarktpolitischer Dienstleister in Bremen e.V. (VaDiB) in Kooperation mit der Landesagentur f\u00fcr berufliche Weiterbildung und Transformation (LABEW+) am 23. April 2026 im KWADRAT. Frauke Felix (Vorstandsvorsitzende des VaDiB) und Dr. Thorbj\u00f6rn Ferber (LABEW+), begleiteten durch die Veranstaltung und moderierten die Podiumsdiskussion. In Deutschland haben &hellip; <\/p>\n<p class=\"link-more\"><a href=\"https:\/\/www.vadib.de\/?page_id=27216\" class=\"more-link\"><span class=\"screen-reader-text\">\u201eFachtag \u201eWas k\u00f6nnen Teilqualifikationen leisten?\u201c (April 2026)\u201c <\/span>weiterlesen<\/a><\/p>\n","protected":false},"author":1,"featured_media":0,"parent":0,"menu_order":0,"comment_status":"closed","ping_status":"closed","template":"","meta":{"footnotes":""},"class_list":["post-27216","page","type-page","status-publish","hentry"],"_links":{"self":[{"href":"https:\/\/www.vadib.de\/index.php?rest_route=\/wp\/v2\/pages\/27216","targetHints":{"allow":["GET"]}}],"collection":[{"href":"https:\/\/www.vadib.de\/index.php?rest_route=\/wp\/v2\/pages"}],"about":[{"href":"https:\/\/www.vadib.de\/index.php?rest_route=\/wp\/v2\/types\/page"}],"author":[{"embeddable":true,"href":"https:\/\/www.vadib.de\/index.php?rest_route=\/wp\/v2\/users\/1"}],"replies":[{"embeddable":true,"href":"https:\/\/www.vadib.de\/index.php?rest_route=%2Fwp%2Fv2%2Fcomments&post=27216"}],"version-history":[{"count":18,"href":"https:\/\/www.vadib.de\/index.php?rest_route=\/wp\/v2\/pages\/27216\/revisions"}],"predecessor-version":[{"id":27275,"href":"https:\/\/www.vadib.de\/index.php?rest_route=\/wp\/v2\/pages\/27216\/revisions\/27275"}],"wp:attachment":[{"href":"https:\/\/www.vadib.de\/index.php?rest_route=%2Fwp%2Fv2%2Fmedia&parent=27216"}],"curies":[{"name":"wp","href":"https:\/\/api.w.org\/{rel}","templated":true}]}}