{"id":25843,"date":"2025-12-17T13:06:01","date_gmt":"2025-12-17T12:06:01","guid":{"rendered":"https:\/\/www.vadib.de\/?page_id=25843"},"modified":"2025-12-17T13:14:53","modified_gmt":"2025-12-17T12:14:53","slug":"positionen","status":"publish","type":"page","link":"https:\/\/www.vadib.de\/?page_id=25843","title":{"rendered":"Positionen"},"content":{"rendered":"\n<h1 class=\"wp-block-heading\">VaDiB-Positionspapiere<\/h1>\n\n\n\n<h4 class=\"wp-block-heading\"><a href=\"https:\/\/www.vadib.de\/wp-content\/uploads\/2025\/12\/250430_VaDiB_Positionspapier_Oeffentlich-gefoerderte-Beschaeftigung.pdf\">Wie weiter mit \u00f6ffentlich gef\u00f6rderter Besch\u00e4ftigung in der Stadtgemeinde Bremen? (April 2025)<\/a><\/h4>\n\n\n\n<h4 class=\"wp-block-heading\"><a href=\"https:\/\/www.vadib.de\/wp-content\/uploads\/2025\/12\/230425_VaDiB_Perspektiven-fuer-Langzeitarbeitslose.pdf\">Perspektiven f\u00fcr Langzeitarbeitslose (April 2023)<\/a><\/h4>\n","protected":false},"excerpt":{"rendered":"<p>VaDiB-Positionspapiere Wie weiter mit \u00f6ffentlich gef\u00f6rderter Besch\u00e4ftigung in der Stadtgemeinde Bremen? (April 2025) Perspektiven f\u00fcr Langzeitarbeitslose (April 2023)<\/p>\n","protected":false},"author":1,"featured_media":0,"parent":0,"menu_order":0,"comment_status":"closed","ping_status":"closed","template":"","meta":{"footnotes":""},"class_list":["post-25843","page","type-page","status-publish","hentry"],"_links":{"self":[{"href":"https:\/\/www.vadib.de\/index.php?rest_route=\/wp\/v2\/pages\/25843","targetHints":{"allow":["GET"]}}],"collection":[{"href":"https:\/\/www.vadib.de\/index.php?rest_route=\/wp\/v2\/pages"}],"about":[{"href":"https:\/\/www.vadib.de\/index.php?rest_route=\/wp\/v2\/types\/page"}],"author":[{"embeddable":true,"href":"https:\/\/www.vadib.de\/index.php?rest_route=\/wp\/v2\/users\/1"}],"replies":[{"embeddable":true,"href":"https:\/\/www.vadib.de\/index.php?rest_route=%2Fwp%2Fv2%2Fcomments&post=25843"}],"version-history":[{"count":6,"href":"https:\/\/www.vadib.de\/index.php?rest_route=\/wp\/v2\/pages\/25843\/revisions"}],"predecessor-version":[{"id":25854,"href":"https:\/\/www.vadib.de\/index.php?rest_route=\/wp\/v2\/pages\/25843\/revisions\/25854"}],"wp:attachment":[{"href":"https:\/\/www.vadib.de\/index.php?rest_route=%2Fwp%2Fv2%2Fmedia&parent=25843"}],"curies":[{"name":"wp","href":"https:\/\/api.w.org\/{rel}","templated":true}]}}