{"id":2,"date":"2017-08-25T18:49:56","date_gmt":"2017-08-25T16:49:56","guid":{"rendered":"http:\/\/neu.vadib.de\/?page_id=2"},"modified":"2025-12-01T16:45:51","modified_gmt":"2025-12-01T15:45:51","slug":"beispiel-seite","status":"publish","type":"page","link":"https:\/\/www.vadib.de\/?page_id=2","title":{"rendered":"Vorstand"},"content":{"rendered":"\n<h1 class=\"wp-block-heading\">Vorstand des VaDiB e.V.<\/h1>\n\n\n\n<div class=\"wp-block-media-text alignwide is-stacked-on-mobile is-vertically-aligned-top\" style=\"grid-template-columns:21% auto\"><figure class=\"wp-block-media-text__media\"><a href=\"https:\/\/www.vadib.de\/wp-content\/uploads\/2025\/11\/Frauke-Felix_Foto-Nov-22_reduziert.jpg\"><img loading=\"lazy\" decoding=\"async\" width=\"682\" height=\"1024\" src=\"https:\/\/www.vadib.de\/wp-content\/uploads\/2025\/11\/Frauke-Felix_Foto-Nov-22_reduziert-682x1024.jpg\" alt=\"\" class=\"wp-image-25517 size-full\" srcset=\"https:\/\/www.vadib.de\/wp-content\/uploads\/2025\/11\/Frauke-Felix_Foto-Nov-22_reduziert-682x1024.jpg 682w, https:\/\/www.vadib.de\/wp-content\/uploads\/2025\/11\/Frauke-Felix_Foto-Nov-22_reduziert-200x300.jpg 200w, https:\/\/www.vadib.de\/wp-content\/uploads\/2025\/11\/Frauke-Felix_Foto-Nov-22_reduziert-768x1153.jpg 768w, https:\/\/www.vadib.de\/wp-content\/uploads\/2025\/11\/Frauke-Felix_Foto-Nov-22_reduziert-1023x1536.jpg 1023w, https:\/\/www.vadib.de\/wp-content\/uploads\/2025\/11\/Frauke-Felix_Foto-Nov-22_reduziert.jpg 1290w\" sizes=\"auto, (max-width: 682px) 100vw, 682px\" \/><\/a><\/figure><div class=\"wp-block-media-text__content\">\n<p><strong>Frauke Felix<\/strong><br>Vorsitzende<br>Parit\u00e4tisches Bildungswerk Bremen e.V. (PBW)<\/p>\n\n\n\n<p><\/p>\n<\/div><\/div>\n\n\n\n<div class=\"wp-block-media-text alignwide is-stacked-on-mobile is-vertically-aligned-top\" style=\"grid-template-columns:21% auto\"><figure class=\"wp-block-media-text__media\"><a href=\"https:\/\/www.vadib.de\/wp-content\/uploads\/2021\/10\/Birgit-Fuellgrabe-Frede_bearbeitet.jpg\"><img loading=\"lazy\" decoding=\"async\" width=\"618\" height=\"928\" src=\"https:\/\/www.vadib.de\/wp-content\/uploads\/2021\/10\/Birgit-Fuellgrabe-Frede_bearbeitet.jpg\" alt=\"\" class=\"wp-image-11116 size-full\" srcset=\"https:\/\/www.vadib.de\/wp-content\/uploads\/2021\/10\/Birgit-Fuellgrabe-Frede_bearbeitet.jpg 618w, https:\/\/www.vadib.de\/wp-content\/uploads\/2021\/10\/Birgit-Fuellgrabe-Frede_bearbeitet-200x300.jpg 200w\" sizes=\"auto, (max-width: 618px) 100vw, 618px\" \/><\/a><\/figure><div class=\"wp-block-media-text__content\">\n<p><strong><strong><strong><strong>Birgit F\u00fcllgrabe-Frede<\/strong><\/strong><\/strong><\/strong><br>Stellvertretende Vorsitzende<br>Waller Besch\u00e4ftigungs- und Qualifizierungsgesellschaft mbHg (WaBeQ)<\/p>\n\n\n\n<p><\/p>\n<\/div><\/div>\n\n\n\n<div class=\"wp-block-media-text alignwide is-stacked-on-mobile is-vertically-aligned-top\" style=\"grid-template-columns:21% auto\"><figure class=\"wp-block-media-text__media\"><a href=\"https:\/\/www.vadib.de\/wp-content\/uploads\/2025\/11\/Rana-Koc_reduziert.jpg\"><img loading=\"lazy\" decoding=\"async\" width=\"768\" height=\"1024\" src=\"https:\/\/www.vadib.de\/wp-content\/uploads\/2025\/11\/Rana-Koc_reduziert-768x1024.jpg\" alt=\"\" class=\"wp-image-25521 size-full\" srcset=\"https:\/\/www.vadib.de\/wp-content\/uploads\/2025\/11\/Rana-Koc_reduziert-768x1024.jpg 768w, https:\/\/www.vadib.de\/wp-content\/uploads\/2025\/11\/Rana-Koc_reduziert-225x300.jpg 225w, https:\/\/www.vadib.de\/wp-content\/uploads\/2025\/11\/Rana-Koc_reduziert.jpg 1000w\" sizes=\"auto, (max-width: 767px) 89vw, (max-width: 1000px) 54vw, (max-width: 1071px) 543px, 580px\" \/><\/a><\/figure><div class=\"wp-block-media-text__content\">\n<p><strong>Rana Koc<\/strong><br>Stellvertretende Vorsitzende<br>Institut f\u00fcr Berufliche Bildung AG (IBB)<\/p>\n\n\n\n<p><\/p>\n<\/div><\/div>\n\n\n\n<div class=\"wp-block-media-text alignwide is-stacked-on-mobile is-vertically-aligned-top\" style=\"grid-template-columns:21% auto\"><figure class=\"wp-block-media-text__media\"><a href=\"https:\/\/www.vadib.de\/wp-content\/uploads\/2021\/10\/Frank-Freyer-3.jpg\"><img loading=\"lazy\" decoding=\"async\" width=\"683\" height=\"1024\" src=\"https:\/\/www.vadib.de\/wp-content\/uploads\/2021\/10\/Frank-Freyer-3-683x1024.jpg\" alt=\"\" class=\"wp-image-11120 size-full\" srcset=\"https:\/\/www.vadib.de\/wp-content\/uploads\/2021\/10\/Frank-Freyer-3-683x1024.jpg 683w, https:\/\/www.vadib.de\/wp-content\/uploads\/2021\/10\/Frank-Freyer-3-200x300.jpg 200w, https:\/\/www.vadib.de\/wp-content\/uploads\/2021\/10\/Frank-Freyer-3-768x1152.jpg 768w, https:\/\/www.vadib.de\/wp-content\/uploads\/2021\/10\/Frank-Freyer-3.jpg 922w\" sizes=\"auto, (max-width: 683px) 100vw, 683px\" \/><\/a><\/figure><div class=\"wp-block-media-text__content\">\n<p><strong><strong>Frank Freyer<\/strong><br><\/strong>Beisitzer<br>Grone-Bildungszentrum Bremen gGmbH (GRONE)<\/p>\n\n\n\n<p><\/p>\n<\/div><\/div>\n\n\n\n<div class=\"wp-block-media-text alignwide is-stacked-on-mobile is-vertically-aligned-top\" style=\"grid-template-columns:21% auto\"><figure class=\"wp-block-media-text__media\"><a href=\"https:\/\/www.vadib.de\/wp-content\/uploads\/2018\/08\/VaDiB_Logo_farbe_VECTOR_maximal_Icon.jpg\"><img loading=\"lazy\" decoding=\"async\" width=\"758\" height=\"758\" src=\"https:\/\/www.vadib.de\/wp-content\/uploads\/2018\/08\/VaDiB_Logo_farbe_VECTOR_maximal_Icon.jpg\" alt=\"\" class=\"wp-image-2061 size-full\" srcset=\"https:\/\/www.vadib.de\/wp-content\/uploads\/2018\/08\/VaDiB_Logo_farbe_VECTOR_maximal_Icon.jpg 758w, https:\/\/www.vadib.de\/wp-content\/uploads\/2018\/08\/VaDiB_Logo_farbe_VECTOR_maximal_Icon-150x150.jpg 150w, https:\/\/www.vadib.de\/wp-content\/uploads\/2018\/08\/VaDiB_Logo_farbe_VECTOR_maximal_Icon-300x300.jpg 300w, https:\/\/www.vadib.de\/wp-content\/uploads\/2018\/08\/VaDiB_Logo_farbe_VECTOR_maximal_Icon-100x100.jpg 100w\" sizes=\"auto, (max-width: 706px) 89vw, (max-width: 767px) 82vw, 740px\" \/><\/a><\/figure><div class=\"wp-block-media-text__content\">\n<p><strong><strong><strong>Susanne Hirsch<br><\/strong><\/strong><\/strong>Beisitzerin<br>Arbeit und Lernzentrum e.V. (alz)<\/p>\n\n\n\n<p><\/p>\n<\/div><\/div>\n\n\n\n<div class=\"wp-block-media-text alignwide is-stacked-on-mobile is-vertically-aligned-top\" style=\"grid-template-columns:21% auto\"><figure class=\"wp-block-media-text__media\"><a href=\"https:\/\/www.vadib.de\/wp-content\/uploads\/2018\/08\/VaDiB_Logo_farbe_VECTOR_maximal_Icon.jpg\"><img loading=\"lazy\" decoding=\"async\" width=\"758\" height=\"758\" src=\"https:\/\/www.vadib.de\/wp-content\/uploads\/2018\/08\/VaDiB_Logo_farbe_VECTOR_maximal_Icon.jpg\" alt=\"\" class=\"wp-image-2061 size-full\" srcset=\"https:\/\/www.vadib.de\/wp-content\/uploads\/2018\/08\/VaDiB_Logo_farbe_VECTOR_maximal_Icon.jpg 758w, https:\/\/www.vadib.de\/wp-content\/uploads\/2018\/08\/VaDiB_Logo_farbe_VECTOR_maximal_Icon-150x150.jpg 150w, https:\/\/www.vadib.de\/wp-content\/uploads\/2018\/08\/VaDiB_Logo_farbe_VECTOR_maximal_Icon-300x300.jpg 300w, https:\/\/www.vadib.de\/wp-content\/uploads\/2018\/08\/VaDiB_Logo_farbe_VECTOR_maximal_Icon-100x100.jpg 100w\" sizes=\"auto, (max-width: 706px) 89vw, (max-width: 767px) 82vw, 740px\" \/><\/a><\/figure><div class=\"wp-block-media-text__content\">\n<p><strong>Andr\u00e9 van Waegeningh<\/strong><br>Beisitzer<br>bras e.V. (bras)<\/p>\n\n\n\n<p><\/p>\n<\/div><\/div>\n\n\n\n<p><\/p>\n","protected":false},"excerpt":{"rendered":"<p>Vorstand des VaDiB e.V. Frauke FelixVorsitzendeParit\u00e4tisches Bildungswerk Bremen e.V. (PBW) Birgit F\u00fcllgrabe-FredeStellvertretende VorsitzendeWaller Besch\u00e4ftigungs- und Qualifizierungsgesellschaft mbHg (WaBeQ) Rana KocStellvertretende VorsitzendeInstitut f\u00fcr Berufliche Bildung AG (IBB) Frank FreyerBeisitzerGrone-Bildungszentrum Bremen gGmbH (GRONE) Susanne HirschBeisitzerinArbeit und Lernzentrum e.V. (alz) Andr\u00e9 van WaegeninghBeisitzerbras e.V. (bras)<\/p>\n","protected":false},"author":1,"featured_media":0,"parent":0,"menu_order":0,"comment_status":"closed","ping_status":"open","template":"","meta":{"footnotes":""},"class_list":["post-2","page","type-page","status-publish","hentry"],"_links":{"self":[{"href":"https:\/\/www.vadib.de\/index.php?rest_route=\/wp\/v2\/pages\/2","targetHints":{"allow":["GET"]}}],"collection":[{"href":"https:\/\/www.vadib.de\/index.php?rest_route=\/wp\/v2\/pages"}],"about":[{"href":"https:\/\/www.vadib.de\/index.php?rest_route=\/wp\/v2\/types\/page"}],"author":[{"embeddable":true,"href":"https:\/\/www.vadib.de\/index.php?rest_route=\/wp\/v2\/users\/1"}],"replies":[{"embeddable":true,"href":"https:\/\/www.vadib.de\/index.php?rest_route=%2Fwp%2Fv2%2Fcomments&post=2"}],"version-history":[{"count":31,"href":"https:\/\/www.vadib.de\/index.php?rest_route=\/wp\/v2\/pages\/2\/revisions"}],"predecessor-version":[{"id":25654,"href":"https:\/\/www.vadib.de\/index.php?rest_route=\/wp\/v2\/pages\/2\/revisions\/25654"}],"wp:attachment":[{"href":"https:\/\/www.vadib.de\/index.php?rest_route=%2Fwp%2Fv2%2Fmedia&parent=2"}],"curies":[{"name":"wp","href":"https:\/\/api.w.org\/{rel}","templated":true}]}}