{"id":16967,"date":"2023-10-27T12:19:59","date_gmt":"2023-10-27T10:19:59","guid":{"rendered":"https:\/\/www.vadib.de\/?page_id=16967"},"modified":"2026-03-09T10:51:39","modified_gmt":"2026-03-09T09:51:39","slug":"dezentrale-messe-ost-2023-3-2-3","status":"publish","type":"page","link":"https:\/\/www.vadib.de\/?page_id=16967","title":{"rendered":"Weiterbildungsmesse \u2212 Further education fair \u2212 \u0130leri e\u011fitim fuar\u0131 \u2212 \u0645\u0639\u0631\u0636 \u0644\u0644\u062a\u062f\u0631\u064a\u0628 \u0627\u0644\u0625\u0636\u0627\u0641\u064a \u2212 \u042f\u0440\u043c\u0430\u0440\u043e\u043a \u0434\u043e\u0434\u0430\u0442\u043a\u043e\u0432\u043e\u0457 \u043e\u0441\u0432\u0456\u0442\u0438 \u2212 \u042f\u0440\u043c\u0430\u0440\u043a\u0430 \u0434\u043e\u043f\u043e\u043b\u043d\u0438\u0442\u0435\u043b\u044c\u043d\u043e\u0433\u043e \u043e\u0431\u0440\u0430\u0437\u043e\u0432\u0430\u043d\u0438\u044f"},"content":{"rendered":"\n<hr class=\"wp-block-separator has-alpha-channel-opacity is-style-wide\"\/>\n\n\n\n<div class=\"wp-block-media-text is-stacked-on-mobile\" style=\"grid-template-columns:15% auto\"><figure class=\"wp-block-media-text__media\"><a href=\"https:\/\/www.vadib.de\/?page_id=26589\"><img loading=\"lazy\" decoding=\"async\" width=\"293\" height=\"177\" src=\"https:\/\/www.vadib.de\/wp-content\/uploads\/2024\/06\/Logo_Deutschland_Rahmen.png\" alt=\"\" class=\"wp-image-19405 size-full\"\/><\/a><\/figure><div class=\"wp-block-media-text__content\">\n<h3 class=\"wp-block-heading\"><a href=\"https:\/\/www.vadib.de\/?page_id=26589\">Lesen Sie weiter auf Deutsch<\/a><\/h3>\n<\/div><\/div>\n\n\n\n<div class=\"wp-block-media-text is-stacked-on-mobile\" style=\"grid-template-columns:15% auto\"><figure class=\"wp-block-media-text__media\"><a href=\"https:\/\/www.vadib.de\/?page_id=19184\"><img loading=\"lazy\" decoding=\"async\" width=\"293\" height=\"177\" src=\"https:\/\/www.vadib.de\/wp-content\/uploads\/2024\/06\/Logo_Grossbritannien_Rahmen.png\" alt=\"\" class=\"wp-image-19406 size-full\"\/><\/a><\/figure><div class=\"wp-block-media-text__content\">\n<h3 class=\"wp-block-heading\"><a href=\"https:\/\/www.vadib.de\/?page_id=19184\">Read more in English<\/a><\/h3>\n<\/div><\/div>\n\n\n\n<div class=\"wp-block-media-text is-stacked-on-mobile\" style=\"grid-template-columns:15% auto\"><figure class=\"wp-block-media-text__media\"><a href=\"https:\/\/www.vadib.de\/?page_id=21377\"><img decoding=\"async\" src=\"https:\/\/www.vadib.de\/wp-content\/uploads\/2024\/06\/Logo_Tuerkei_Rahmen-1.png\" alt=\"\" class=\"wp-image-19429 size-full\"\/><\/a><\/figure><div class=\"wp-block-media-text__content\">\n<h3 class=\"wp-block-heading\"><a href=\"https:\/\/www.vadib.de\/?page_id=21377\">Devam\u0131n\u0131 T\u00fcrk\u00e7e okuyun<\/a><\/h3>\n<\/div><\/div>\n\n\n\n<div class=\"wp-block-media-text is-stacked-on-mobile\" style=\"grid-template-columns:15% auto\"><figure class=\"wp-block-media-text__media\"><a href=\"https:\/\/www.vadib.de\/?page_id=19217\"><img loading=\"lazy\" decoding=\"async\" width=\"203\" height=\"136\" src=\"https:\/\/www.vadib.de\/wp-content\/uploads\/2024\/06\/Logo_Arabische-Liga_Rahmen.png\" alt=\"\" class=\"wp-image-19409 size-full\"\/><\/a><\/figure><div class=\"wp-block-media-text__content\">\n<h1 class=\"wp-block-heading\"><a href=\"https:\/\/www.vadib.de\/?page_id=19217\">\u0627\u0642\u0631\u0623 \u0627\u0644\u0645\u0632\u064a\u062f \u0628\u0627\u0644\u0644\u063a\u0629 \u0627\u0644\u0639\u0631\u0628\u064a<\/a><\/h1>\n<\/div><\/div>\n\n\n\n<div class=\"wp-block-media-text is-stacked-on-mobile\" style=\"grid-template-columns:15% auto\"><figure class=\"wp-block-media-text__media\"><a href=\"https:\/\/www.vadib.de\/?page_id=19219\"><img loading=\"lazy\" decoding=\"async\" width=\"278\" height=\"186\" src=\"https:\/\/www.vadib.de\/wp-content\/uploads\/2024\/06\/Logo_Ukraine_Rahmen.png\" alt=\"\" class=\"wp-image-19410 size-full\"\/><\/a><\/figure><div class=\"wp-block-media-text__content\">\n<h2 class=\"wp-block-heading\"><a href=\"https:\/\/www.vadib.de\/?page_id=19219\">\u0414\u0435\u0442\u0430\u043b\u044c\u043d\u0456\u0448\u0435 \u0443\u043a\u0440\u0430\u0457\u043d\u0441\u044c\u043a\u043e\u044e<\/a><\/h2>\n<\/div><\/div>\n\n\n\n<div class=\"wp-block-media-text is-stacked-on-mobile\" style=\"grid-template-columns:15% auto\"><figure class=\"wp-block-media-text__media\"><a href=\"https:\/\/www.vadib.de\/?page_id=19221\"><img loading=\"lazy\" decoding=\"async\" width=\"281\" height=\"189\" src=\"https:\/\/www.vadib.de\/wp-content\/uploads\/2024\/06\/Logo_Russland_Rahmen-2.png\" alt=\"\" class=\"wp-image-19411 size-full\"\/><\/a><\/figure><div class=\"wp-block-media-text__content\">\n<h2 class=\"wp-block-heading\"><a href=\"https:\/\/www.vadib.de\/?page_id=19221\">\u0427\u0438\u0442\u0430\u0442\u044c \u0434\u0430\u043b\u0435\u0435 \u043d\u0430 \u0440\u0443\u0441\u0441\u043a\u043e\u043c \u044f\u0437\u044b\u043a\u0435<\/a><\/h2>\n<\/div><\/div>\n\n\n\n<p><\/p>\n","protected":false},"excerpt":{"rendered":"<p>Lesen Sie weiter auf Deutsch Read more in English Devam\u0131n\u0131 T\u00fcrk\u00e7e okuyun \u0627\u0642\u0631\u0623 \u0627\u0644\u0645\u0632\u064a\u062f \u0628\u0627\u0644\u0644\u063a\u0629 \u0627\u0644\u0639\u0631\u0628\u064a \u0414\u0435\u0442\u0430\u043b\u044c\u043d\u0456\u0448\u0435 \u0443\u043a\u0440\u0430\u0457\u043d\u0441\u044c\u043a\u043e\u044e \u0427\u0438\u0442\u0430\u0442\u044c \u0434\u0430\u043b\u0435\u0435 \u043d\u0430 \u0440\u0443\u0441\u0441\u043a\u043e\u043c \u044f\u0437\u044b\u043a\u0435<\/p>\n","protected":false},"author":1,"featured_media":0,"parent":0,"menu_order":0,"comment_status":"closed","ping_status":"closed","template":"","meta":{"footnotes":""},"class_list":["post-16967","page","type-page","status-publish","hentry"],"_links":{"self":[{"href":"https:\/\/www.vadib.de\/index.php?rest_route=\/wp\/v2\/pages\/16967","targetHints":{"allow":["GET"]}}],"collection":[{"href":"https:\/\/www.vadib.de\/index.php?rest_route=\/wp\/v2\/pages"}],"about":[{"href":"https:\/\/www.vadib.de\/index.php?rest_route=\/wp\/v2\/types\/page"}],"author":[{"embeddable":true,"href":"https:\/\/www.vadib.de\/index.php?rest_route=\/wp\/v2\/users\/1"}],"replies":[{"embeddable":true,"href":"https:\/\/www.vadib.de\/index.php?rest_route=%2Fwp%2Fv2%2Fcomments&post=16967"}],"version-history":[{"count":59,"href":"https:\/\/www.vadib.de\/index.php?rest_route=\/wp\/v2\/pages\/16967\/revisions"}],"predecessor-version":[{"id":26595,"href":"https:\/\/www.vadib.de\/index.php?rest_route=\/wp\/v2\/pages\/16967\/revisions\/26595"}],"wp:attachment":[{"href":"https:\/\/www.vadib.de\/index.php?rest_route=%2Fwp%2Fv2%2Fmedia&parent=16967"}],"curies":[{"name":"wp","href":"https:\/\/api.w.org\/{rel}","templated":true}]}}