{"id":16265,"date":"2023-08-26T13:58:49","date_gmt":"2023-08-26T11:58:49","guid":{"rendered":"https:\/\/www.vadib.de\/?page_id=16265"},"modified":"2025-06-03T13:50:02","modified_gmt":"2025-06-03T11:50:02","slug":"fachtag-qualifizieren-fuer-beschaeftigung-2","status":"publish","type":"page","link":"https:\/\/www.vadib.de\/?page_id=16265","title":{"rendered":"Fachtag &#8222;Perspektiven f\u00fcr Langzeitarbeitslose&#8220; (November 2023)"},"content":{"rendered":"\n<h1 class=\"wp-block-heading\">Fachtag &#8222;Perspektiven f\u00fcr Langzeitarbeitslose&#8220;<\/h1>\n\n\n\n<p>Ein R\u00fcckblick auf die Veranstaltung des VaDiB am 21. November 2023 im Kultursaal der Arbeitnehmerkammer Bremen. Der Fachtag hat gro\u00dfen Zuspruch gefunden; nicht zuletzt diese gro\u00dfe Besucherzahl ist ein Beleg daf\u00fcr, wie wichtig uns  diese arbeitsmarktpolitische Aufgabe ist.<\/p>\n\n\n\n<p>Trotz der aktuellen Haushaltsverwerfungen und der Diskussion \u00fcber die finanzielle Ausstattung der Jobcenter f\u00fcr Eingliederungsleistungen: <strong>Der Fachtag hat sich auf die Frage konzentriert, wie \u00f6ffentlich gef\u00f6rderte Besch\u00e4ftigung sinnvoll mit kommunalen Aufgaben verbunden werden kann.<\/strong><\/p>\n\n\n\n<p>Grundlage war das VaDiB-Positionspapier <a href=\"https:\/\/www.vadib.de\/wp-content\/uploads\/2023\/08\/VaDiB_Perspektiven-fuer-Langzeitarbeitslose_230425.pdf\" data-type=\"link\" data-id=\"https:\/\/www.vadib.de\/wp-content\/uploads\/2023\/08\/VaDiB_Perspektiven-fuer-Langzeitarbeitslose_230425.pdf\">Perspektiven f\u00fcr Langzeitarbeitslose<\/a>.<br><\/p>\n\n\n\n<hr class=\"wp-block-separator has-alpha-channel-opacity is-style-wide\"\/>\n\n\n\n<div class=\"wp-block-media-text alignwide has-media-on-the-right is-stacked-on-mobile is-vertically-aligned-top\"><div class=\"wp-block-media-text__content\">\n<p> <br>F\u00fcr den Impulsvortrag konnten wir <strong>Christoph Fels<\/strong>, Gesch\u00e4ftsf\u00fchrer <em>bequa Flensburg mbH<\/em>, gewinnen. Er hat sehr beeindruckend dargelegt, wie und wie gut die Zusammenarbeit zwischen dem Besch\u00e4ftigungstr\u00e4ger und der Stadt Flensburg funktioniert. <\/p>\n\n\n\n<p>Der prim\u00e4re Zweck \u00f6ffentlich gef\u00f6rderter Besch\u00e4ftigung ist die berufliche Integration und Qualifizierung arbeitsloser Menschen. Er hat uns aufgezeigt, was es an Zugewinn bringen kann, diesen Auftrag eines Besch\u00e4ftigungstr\u00e4gers mit sinnvollen, gemeinn\u00fctzigen Aufgaben zu verbinden. <\/p>\n\n\n\n<p>Vor allem sinnstiftende Arbeit st\u00e4rkt das Selbstbewu\u00dftsein von Langzeitarbeitslosen und bedient gleichzeitig konkrete Bedarfe der Kommune.<\/p>\n\n\n\n<p><a href=\"https:\/\/www.vadib.de\/wp-content\/uploads\/2023\/11\/Fels_Vortrag_Bremen.pdf\">Pr\u00e4sentation anschauen<\/a><\/p>\n<\/div><figure class=\"wp-block-media-text__media\"><a href=\"https:\/\/www.vadib.de\/wp-content\/uploads\/2023\/11\/Fels-1.jpg\"><img loading=\"lazy\" decoding=\"async\" width=\"768\" height=\"1024\" src=\"https:\/\/www.vadib.de\/wp-content\/uploads\/2023\/11\/Fels-1-768x1024.jpg\" alt=\"\" class=\"wp-image-17328 size-full\" srcset=\"https:\/\/www.vadib.de\/wp-content\/uploads\/2023\/11\/Fels-1-768x1024.jpg 768w, https:\/\/www.vadib.de\/wp-content\/uploads\/2023\/11\/Fels-1-225x300.jpg 225w, https:\/\/www.vadib.de\/wp-content\/uploads\/2023\/11\/Fels-1.jpg 970w\" sizes=\"auto, (max-width: 767px) 89vw, (max-width: 1000px) 54vw, (max-width: 1071px) 543px, 580px\" \/><\/a><\/figure><\/div>\n\n\n\n<hr class=\"wp-block-separator has-alpha-channel-opacity is-style-wide\"\/>\n\n\n\n<p> <br>Nach der Pause wurde auf dem Podium und mit dem Publikum diskutiert.<\/p>\n\n\n\n<figure class=\"wp-block-image size-large\"><a href=\"https:\/\/www.vadib.de\/wp-content\/uploads\/2023\/11\/Podium.jpg\"><img loading=\"lazy\" decoding=\"async\" width=\"1024\" height=\"768\" src=\"https:\/\/www.vadib.de\/wp-content\/uploads\/2023\/11\/Podium-1024x768.jpg\" alt=\"\" class=\"wp-image-17329\" srcset=\"https:\/\/www.vadib.de\/wp-content\/uploads\/2023\/11\/Podium-1024x768.jpg 1024w, https:\/\/www.vadib.de\/wp-content\/uploads\/2023\/11\/Podium-300x225.jpg 300w, https:\/\/www.vadib.de\/wp-content\/uploads\/2023\/11\/Podium-768x576.jpg 768w, https:\/\/www.vadib.de\/wp-content\/uploads\/2023\/11\/Podium-1536x1152.jpg 1536w, https:\/\/www.vadib.de\/wp-content\/uploads\/2023\/11\/Podium.jpg 1666w\" sizes=\"auto, (max-width: 767px) 89vw, (max-width: 1000px) 54vw, (max-width: 1071px) 543px, 580px\" \/><\/a><figcaption class=\"wp-element-caption\">Podiumsdiskussion (von links):<strong> Christoph Fels<\/strong> (Gesch\u00e4ftsf\u00fchrer bequa Besch\u00e4ftigungs- und Qualifizierungsgesellschaft Flensburg mbH), <strong>Peter H\u00e4rtl <\/strong>(Vorsitzender VaDiB \u2013 Moderation), <strong>Andreas Kaireit <\/strong>(Stellv. Vorsitzender VaDiB \u2013 Moderation), <strong>Karin Treu<\/strong> (Staatsr\u00e4tin f\u00fcr Arbeit in Bremen), <strong>Sabine Markmann<\/strong> (Gesch\u00e4ftsf\u00fchrerin faden gGmbH, Bremerhaven und Netzwerk Bremerhavener Qualifizierungs- und Bildungstr\u00e4ger \u2212 net.bhv e.V.)<strong>, Thorsten Spinn<\/strong> (Gesch\u00e4ftsf\u00fchrer Jobcenter Bremen).<\/figcaption><\/figure>\n\n\n\n<p> <br>Als Einstieg in die Diskussion drei Eingangsstatements:<\/p>\n\n\n\n<div class=\"wp-block-media-text alignwide has-media-on-the-right is-stacked-on-mobile is-vertically-aligned-center\"><div class=\"wp-block-media-text__content\">\n<p> <br><strong>Karin Treu<\/strong>, <em>Staatsr\u00e4tin f\u00fcr Arbeit in Bremen<\/em>, sprach sich f\u00fcr die Verkn\u00fcpfung von \u00f6ffentlich gef\u00f6rderter Besch\u00e4ftigung mit kommunalen Aufgaben aus. Insbesondere gelte es, sich hierf\u00fcr als Kommune in der Tr\u00e4gerversammlung einzusetzen.<\/p>\n<\/div><figure class=\"wp-block-media-text__media\"><a href=\"https:\/\/www.vadib.de\/wp-content\/uploads\/2023\/11\/Treu-2.jpg\"><img loading=\"lazy\" decoding=\"async\" width=\"744\" height=\"992\" src=\"https:\/\/www.vadib.de\/wp-content\/uploads\/2023\/11\/Treu-2.jpg\" alt=\"\" class=\"wp-image-17332 size-full\" srcset=\"https:\/\/www.vadib.de\/wp-content\/uploads\/2023\/11\/Treu-2.jpg 744w, https:\/\/www.vadib.de\/wp-content\/uploads\/2023\/11\/Treu-2-225x300.jpg 225w\" sizes=\"auto, (max-width: 706px) 89vw, (max-width: 767px) 82vw, 740px\" \/><\/a><\/figure><\/div>\n\n\n\n<div class=\"wp-block-media-text alignwide has-media-on-the-right is-stacked-on-mobile is-vertically-aligned-center\"><div class=\"wp-block-media-text__content\">\n<p> <br><strong>Sabine Markmann<\/strong>, <em>Gesch\u00e4ftsf\u00fchrerin faden gGmbH, Bremerhaven und Netzwerk Bremerhavener Qualifizierungs- und Bildungstr\u00e4ger \u2212 net.bhv e.V.<\/em>, schilderte die gute Zusammenarbeit zwischen Besch\u00e4ftigungstr\u00e4gern und Kommune in Bremerhaven.<\/p>\n<\/div><figure class=\"wp-block-media-text__media\"><a href=\"https:\/\/www.vadib.de\/wp-content\/uploads\/2023\/11\/Markmann.jpg\"><img loading=\"lazy\" decoding=\"async\" width=\"768\" height=\"1024\" src=\"https:\/\/www.vadib.de\/wp-content\/uploads\/2023\/11\/Markmann-768x1024.jpg\" alt=\"\" class=\"wp-image-17333 size-full\" srcset=\"https:\/\/www.vadib.de\/wp-content\/uploads\/2023\/11\/Markmann-768x1024.jpg 768w, https:\/\/www.vadib.de\/wp-content\/uploads\/2023\/11\/Markmann-225x300.jpg 225w, https:\/\/www.vadib.de\/wp-content\/uploads\/2023\/11\/Markmann-1152x1536.jpg 1152w, https:\/\/www.vadib.de\/wp-content\/uploads\/2023\/11\/Markmann.jpg 1213w\" sizes=\"auto, (max-width: 767px) 89vw, (max-width: 1000px) 54vw, (max-width: 1071px) 543px, 580px\" \/><\/a><\/figure><\/div>\n\n\n\n<div class=\"wp-block-media-text alignwide has-media-on-the-right is-stacked-on-mobile is-vertically-aligned-center\"><div class=\"wp-block-media-text__content\">\n<p> <br><strong>Thorsten Spinn<\/strong>, <em>Gesch\u00e4ftsf\u00fchrer Jobcenter Bremen<\/em>, bekannte sich ausdr\u00fccklich dazu, die Interessen der Kommune bei der Bewilligung von Besch\u00e4ftigungsma\u00dfnahmen zu ber\u00fccksichtigen.<\/p>\n\n\n\n<p>Daf\u00fcr bekamm er spontan und reichlich Beifall vom Publikum.<\/p>\n<\/div><figure class=\"wp-block-media-text__media\"><a href=\"https:\/\/www.vadib.de\/wp-content\/uploads\/2023\/11\/Spinn.jpg\"><img loading=\"lazy\" decoding=\"async\" width=\"768\" height=\"1024\" src=\"https:\/\/www.vadib.de\/wp-content\/uploads\/2023\/11\/Spinn-768x1024.jpg\" alt=\"\" class=\"wp-image-17334 size-full\" srcset=\"https:\/\/www.vadib.de\/wp-content\/uploads\/2023\/11\/Spinn-768x1024.jpg 768w, https:\/\/www.vadib.de\/wp-content\/uploads\/2023\/11\/Spinn-225x300.jpg 225w, https:\/\/www.vadib.de\/wp-content\/uploads\/2023\/11\/Spinn.jpg 942w\" sizes=\"auto, (max-width: 767px) 89vw, (max-width: 1000px) 54vw, (max-width: 1071px) 543px, 580px\" \/><\/a><\/figure><\/div>\n\n\n\n<hr class=\"wp-block-separator has-alpha-channel-opacity is-style-wide\"\/>\n\n\n\n<p>Aus den zahlreichen Ideen und Anregungen lassen sich diese Schlussfolgerungen besonders hervorheben:<\/p>\n\n\n\n<ul class=\"wp-block-list\">\n<li>Besch\u00e4ftigungsma\u00dfnahmen, die im Interesse der Kommune bearbeitet werden, haben einen doppelten Zugewinn. Sie unterst\u00fctzen die Kommune und verschaffen den Besch\u00e4ftigten die Teilhabe und damit das Selbstbewu\u00dftsein, dass sie f\u00fcr ihren Weg in ein selbstbestimmtes Leben ben\u00f6tigen. Sinnvolle Arbeit f\u00fcr die Allgemeinheit ist sinnstiftend f\u00fcr die Besch\u00e4ftigten \u2212 Arbeit, die niemand nachfragt, schafft das nicht.<\/li>\n\n\n\n<li>Voraussetzung f\u00fcr tragf\u00e4hige Projekte ist immer, konkrete Bedarfe der Kommune zu identifizieren.<\/li>\n\n\n\n<li>Mit dem Willen, ein konkretes Projekt umsetzen zu wollen, m\u00fcssen die Fachbereiche der Kommune, Jobcenter und Besch\u00e4ftigungstr\u00e4ger zusammenfinden.<\/li>\n\n\n\n<li>Die Kommune muss bereit sein, f\u00fcr sinnvolle, gemeinn\u00fctzige Leistungen die Voraussetzungen zu schaffen \u2212 durch fachliche Zusammenarbeit und auch durch finanzielle Unterst\u00fctzung (Beauftragung und Leistungsaustausch).<\/li>\n<\/ul>\n\n\n\n<p>\u201eEs war ein erfolgreicherTag. Trotz aller Verwerfungen um den Bundeshaushalt und die notwendige Diskussion \u00fcber Geld f\u00fcr Besch\u00e4ftigungsma\u00dfnahmen haben wir \u00fcber die sinnvolle Verwendung von Mitteln gesprochen, die wir zur Verf\u00fcgung gestellt bekommen. Hier besser zu werden \u2212 vor allem durch Zusammenarbeit mit der Kommune \u2212 ist eine lohnenswerte Anstrengung.&#8220; Das war das Res\u00fcmee von Andreas Kaireit als Moderator.<\/p>\n","protected":false},"excerpt":{"rendered":"<p>Fachtag &#8222;Perspektiven f\u00fcr Langzeitarbeitslose&#8220; Ein R\u00fcckblick auf die Veranstaltung des VaDiB am 21. November 2023 im Kultursaal der Arbeitnehmerkammer Bremen. Der Fachtag hat gro\u00dfen Zuspruch gefunden; nicht zuletzt diese gro\u00dfe Besucherzahl ist ein Beleg daf\u00fcr, wie wichtig uns diese arbeitsmarktpolitische Aufgabe ist. Trotz der aktuellen Haushaltsverwerfungen und der Diskussion \u00fcber die finanzielle Ausstattung der Jobcenter &hellip; <\/p>\n<p class=\"link-more\"><a href=\"https:\/\/www.vadib.de\/?page_id=16265\" class=\"more-link\"><span class=\"screen-reader-text\">\u201eFachtag &#8222;Perspektiven f\u00fcr Langzeitarbeitslose&#8220; (November 2023)\u201c <\/span>weiterlesen<\/a><\/p>\n","protected":false},"author":1,"featured_media":0,"parent":0,"menu_order":0,"comment_status":"closed","ping_status":"closed","template":"","meta":{"footnotes":""},"class_list":["post-16265","page","type-page","status-publish","hentry"],"_links":{"self":[{"href":"https:\/\/www.vadib.de\/index.php?rest_route=\/wp\/v2\/pages\/16265","targetHints":{"allow":["GET"]}}],"collection":[{"href":"https:\/\/www.vadib.de\/index.php?rest_route=\/wp\/v2\/pages"}],"about":[{"href":"https:\/\/www.vadib.de\/index.php?rest_route=\/wp\/v2\/types\/page"}],"author":[{"embeddable":true,"href":"https:\/\/www.vadib.de\/index.php?rest_route=\/wp\/v2\/users\/1"}],"replies":[{"embeddable":true,"href":"https:\/\/www.vadib.de\/index.php?rest_route=%2Fwp%2Fv2%2Fcomments&post=16265"}],"version-history":[{"count":24,"href":"https:\/\/www.vadib.de\/index.php?rest_route=\/wp\/v2\/pages\/16265\/revisions"}],"predecessor-version":[{"id":23528,"href":"https:\/\/www.vadib.de\/index.php?rest_route=\/wp\/v2\/pages\/16265\/revisions\/23528"}],"wp:attachment":[{"href":"https:\/\/www.vadib.de\/index.php?rest_route=%2Fwp%2Fv2%2Fmedia&parent=16265"}],"curies":[{"name":"wp","href":"https:\/\/api.w.org\/{rel}","templated":true}]}}