{"id":14707,"date":"2023-02-20T15:16:48","date_gmt":"2023-02-20T14:16:48","guid":{"rendered":"https:\/\/www.vadib.de\/?page_id=14707"},"modified":"2025-06-03T13:51:03","modified_gmt":"2025-06-03T11:51:03","slug":"fachtag-qualifizieren-fuer-beschaeftigung","status":"publish","type":"page","link":"https:\/\/www.vadib.de\/?page_id=14707","title":{"rendered":"Fachtag &#8222;Qualifizieren f\u00fcr Besch\u00e4ftigung&#8220; (Februar 2023)"},"content":{"rendered":"\n<h1 class=\"wp-block-heading\">Fachtag &#8222;Qualifizieren f\u00fcr Besch\u00e4ftigung&#8220;<\/h1>\n\n\n\n<p>Ein R\u00fcckblick auf die Veranstaltung des VaDiB am 9. Februar 2023 im KWADRAT (Werkstatt Bremen).<\/p>\n\n\n\n<div class=\"wp-block-media-text alignwide has-media-on-the-right is-stacked-on-mobile is-vertically-aligned-center\"><div class=\"wp-block-media-text__content\">\n<p>Inhaltlich er\u00f6ffnete den Fachtag <strong>Armin Zubr\u00e4gel <\/strong>(Gesch\u00e4ftsf\u00fchrer operativ bei der Agentur f\u00fcr Arbeit Bremen-Bremerhaven) mit einem Aufriss der Rahmenbeingungen f\u00fcr die F\u00f6rderung durch Agentur und Jobcenter, verbunden mit dem Blick auf Schwierigkeiten und L\u00f6sungsm\u00f6glichkeiten bei der Umsetzung von Ma\u00dfnahmen zur Qualifizierung, Fort- und Weiterbildung.<\/p>\n\n\n\n<p><a href=\"https:\/\/www.vadib.de\/wp-content\/uploads\/2023\/02\/2_Zubraegel_Fachveranstaltung-VaDiB.pdf\">Pr\u00e4sentation anschauen<\/a><\/p>\n<\/div><figure class=\"wp-block-media-text__media\"><a href=\"https:\/\/www.vadib.de\/wp-content\/uploads\/2023\/02\/Zubraegel.jpg\"><img loading=\"lazy\" decoding=\"async\" width=\"732\" height=\"1024\" src=\"https:\/\/www.vadib.de\/wp-content\/uploads\/2023\/02\/Zubraegel-732x1024.jpg\" alt=\"\" class=\"wp-image-14662 size-full\" srcset=\"https:\/\/www.vadib.de\/wp-content\/uploads\/2023\/02\/Zubraegel-732x1024.jpg 732w, https:\/\/www.vadib.de\/wp-content\/uploads\/2023\/02\/Zubraegel-214x300.jpg 214w, https:\/\/www.vadib.de\/wp-content\/uploads\/2023\/02\/Zubraegel-768x1075.jpg 768w, https:\/\/www.vadib.de\/wp-content\/uploads\/2023\/02\/Zubraegel-1097x1536.jpg 1097w, https:\/\/www.vadib.de\/wp-content\/uploads\/2023\/02\/Zubraegel-1463x2048.jpg 1463w, https:\/\/www.vadib.de\/wp-content\/uploads\/2023\/02\/Zubraegel.jpg 1826w\" sizes=\"auto, (max-width: 732px) 100vw, 732px\" \/><\/a><\/figure><\/div>\n\n\n\n<p>Dem einleitenden Vortrag schlossen sich drei Projektvorstellungen an. Diese zeigen beispielhaft, wie Weiterbildungsma\u00dfnahmen aufgebaut werden k\u00f6nnen, was f\u00fcr Probleme dabei auftauchen, wie diese zu heben sind und was dabei zum Gelingen beitr\u00e4gt.<\/p>\n\n\n\n<div class=\"wp-block-media-text alignwide is-stacked-on-mobile is-vertically-aligned-center\"><figure class=\"wp-block-media-text__media\"><a href=\"https:\/\/www.vadib.de\/wp-content\/uploads\/2023\/02\/Steffens.jpg\"><img loading=\"lazy\" decoding=\"async\" width=\"731\" height=\"1024\" src=\"https:\/\/www.vadib.de\/wp-content\/uploads\/2023\/02\/Steffens-731x1024.jpg\" alt=\"\" class=\"wp-image-14663 size-full\" srcset=\"https:\/\/www.vadib.de\/wp-content\/uploads\/2023\/02\/Steffens-731x1024.jpg 731w, https:\/\/www.vadib.de\/wp-content\/uploads\/2023\/02\/Steffens-214x300.jpg 214w, https:\/\/www.vadib.de\/wp-content\/uploads\/2023\/02\/Steffens-768x1075.jpg 768w, https:\/\/www.vadib.de\/wp-content\/uploads\/2023\/02\/Steffens-1097x1536.jpg 1097w, https:\/\/www.vadib.de\/wp-content\/uploads\/2023\/02\/Steffens-1463x2048.jpg 1463w, https:\/\/www.vadib.de\/wp-content\/uploads\/2023\/02\/Steffens.jpg 1786w\" sizes=\"auto, (max-width: 731px) 100vw, 731px\" \/><\/a><\/figure><div class=\"wp-block-media-text__content\">\n<p>Die Weiterbildungsaktivit\u00e4ten vom <em>maritimes competenzcentrum<\/em>, vorgestellt von <strong>Svenja Steffens<\/strong> (ma-co), konzentrieren sich auf die&nbsp;hafennahe Logistik an den Standorten Hamburg, Bremen, Bremerhaven und Wilhelmshaven. Das Kerngesch\u00e4ft ist durch&nbsp;langj\u00e4hrige partnerschaftliche Kundenbeziehungen&nbsp;gepr\u00e4gt.<\/p>\n\n\n\n<p><a href=\"https:\/\/www.vadib.de\/wp-content\/uploads\/2023\/02\/3_ma-co-VaDiB_09.02.2023_final.pdf\">Pr\u00e4sentation anschauen<\/a><\/p>\n<\/div><\/div>\n\n\n\n<p><\/p>\n\n\n\n<div class=\"wp-block-media-text alignwide has-media-on-the-right is-stacked-on-mobile is-vertically-aligned-center\"><div class=\"wp-block-media-text__content\">\n<p>Begleitung von Unternehmen, Betriebsr\u00e4tegremien und Besch\u00e4ftigten in der Gestaltung des Strukturwandels in der Fahrzeugindustrie im Hinblick auf Qualifizierungs und Weiterbildungsm\u00f6glichkeiten hat sich der <em>Weiterbildungsverbund Fahrzeugindustrie im Land Bremen und Bremer Umland<\/em> zum Ziel gesetzt. Vorgestellt von <strong>Meike Gras <\/strong>(IFTP \/ bfw).<\/p>\n\n\n\n<p><a href=\"https:\/\/www.vadib.de\/wp-content\/uploads\/2023\/02\/4_WBV_VaDiB_Fachgespraech_final.pdf\">Pr\u00e4sentation anschauen<\/a><\/p>\n<\/div><figure class=\"wp-block-media-text__media\"><a href=\"https:\/\/www.vadib.de\/wp-content\/uploads\/2023\/02\/Gras-2.jpg\"><img loading=\"lazy\" decoding=\"async\" width=\"731\" height=\"1024\" src=\"https:\/\/www.vadib.de\/wp-content\/uploads\/2023\/02\/Gras-2-731x1024.jpg\" alt=\"\" class=\"wp-image-14666 size-full\" srcset=\"https:\/\/www.vadib.de\/wp-content\/uploads\/2023\/02\/Gras-2-731x1024.jpg 731w, https:\/\/www.vadib.de\/wp-content\/uploads\/2023\/02\/Gras-2-214x300.jpg 214w, https:\/\/www.vadib.de\/wp-content\/uploads\/2023\/02\/Gras-2-768x1075.jpg 768w, https:\/\/www.vadib.de\/wp-content\/uploads\/2023\/02\/Gras-2-1097x1536.jpg 1097w, https:\/\/www.vadib.de\/wp-content\/uploads\/2023\/02\/Gras-2-1463x2048.jpg 1463w, https:\/\/www.vadib.de\/wp-content\/uploads\/2023\/02\/Gras-2.jpg 1808w\" sizes=\"auto, (max-width: 731px) 100vw, 731px\" \/><\/a><\/figure><\/div>\n\n\n\n<div class=\"wp-block-media-text alignwide is-stacked-on-mobile is-vertically-aligned-center\"><figure class=\"wp-block-media-text__media\"><a href=\"https:\/\/www.vadib.de\/wp-content\/uploads\/2023\/02\/Niemeyer-scaled.jpg\"><img loading=\"lazy\" decoding=\"async\" width=\"731\" height=\"1024\" src=\"https:\/\/www.vadib.de\/wp-content\/uploads\/2023\/02\/Niemeyer-731x1024.jpg\" alt=\"\" class=\"wp-image-14667 size-full\" srcset=\"https:\/\/www.vadib.de\/wp-content\/uploads\/2023\/02\/Niemeyer-731x1024.jpg 731w, https:\/\/www.vadib.de\/wp-content\/uploads\/2023\/02\/Niemeyer-214x300.jpg 214w, https:\/\/www.vadib.de\/wp-content\/uploads\/2023\/02\/Niemeyer-768x1075.jpg 768w, https:\/\/www.vadib.de\/wp-content\/uploads\/2023\/02\/Niemeyer-1097x1536.jpg 1097w, https:\/\/www.vadib.de\/wp-content\/uploads\/2023\/02\/Niemeyer-1463x2048.jpg 1463w, https:\/\/www.vadib.de\/wp-content\/uploads\/2023\/02\/Niemeyer-scaled.jpg 1829w\" sizes=\"auto, (max-width: 731px) 100vw, 731px\" \/><\/a><\/figure><div class=\"wp-block-media-text__content\">\n<p>In KiTas und Schulen werden dringend sozialp\u00e4dagogische Fachkr\u00e4fte gesucht. <em>Parit\u00e4tisches Bildungswerk<\/em> unterst\u00fctzt erwerbslose und arbeitssuchende Menschen \u2013 insbesondere Frauen \u2013 auf ihrem Weg zu einem beruflichen Neubeginn oder Quereinstieg mit dem Ziel, hier eine langfristige Besch\u00e4ftigungsperspektive zu er\u00f6ffnen. Vorgestellt von <strong>Iska Niemeyer <\/strong>(PBW).<\/p>\n\n\n\n<p><a href=\"https:\/\/www.vadib.de\/wp-content\/uploads\/2023\/02\/5_PBW_Fachtag-VaDiB_WiB_PBW.pdf\">Pr\u00e4sentation anschauen<\/a><\/p>\n<\/div><\/div>\n\n\n\n<p><\/p>\n\n\n\n<p>Nach der Pause wurden auf dem Podium und mit dem Publikum die Projekte als Beispiele sowie in diesem Kontext auch die F\u00f6rderm\u00f6glichkeiten der Agentur f\u00fcr Arbeit und des Jobcenters diskutiert.<\/p>\n\n\n\n<figure class=\"wp-block-image\"><a href=\"https:\/\/www.vadib.de\/wp-content\/uploads\/2023\/02\/IMG_20230209_155631-scaled.jpg\"><img loading=\"lazy\" decoding=\"async\" width=\"1024\" height=\"768\" src=\"https:\/\/www.vadib.de\/wp-content\/uploads\/2023\/02\/IMG_20230209_155631-1024x768.jpg\" alt=\"\" class=\"wp-image-14659\" srcset=\"https:\/\/www.vadib.de\/wp-content\/uploads\/2023\/02\/IMG_20230209_155631-1024x768.jpg 1024w, https:\/\/www.vadib.de\/wp-content\/uploads\/2023\/02\/IMG_20230209_155631-300x225.jpg 300w, https:\/\/www.vadib.de\/wp-content\/uploads\/2023\/02\/IMG_20230209_155631-768x576.jpg 768w, https:\/\/www.vadib.de\/wp-content\/uploads\/2023\/02\/IMG_20230209_155631-1536x1152.jpg 1536w, https:\/\/www.vadib.de\/wp-content\/uploads\/2023\/02\/IMG_20230209_155631-2048x1536.jpg 2048w\" sizes=\"auto, (max-width: 767px) 89vw, (max-width: 1000px) 54vw, (max-width: 1071px) 543px, 580px\" \/><\/a><figcaption class=\"wp-element-caption\">Podiumsdiskussion (von links):<strong> Kai St\u00fchrenberg<\/strong> (Staatsrat f\u00fcr Arbeit und Europa in Bremen), <strong>Armin Zubr\u00e4gel <\/strong>(Gesch\u00e4ftsf\u00fchrer operativ bei Agentur f\u00fcr Arbeit bei der Agentur f\u00fcr Arbeit Bremen-Bremerhaven), <strong>Peter H\u00e4rtl <\/strong>(Vorsitzender VaDiB \u2013 Moderation), <strong>Frauke Felix<\/strong> (Gesch\u00e4ftdf\u00fchrende Vorsitzende VaDiB \u2013 Moderation), <strong>Dr. Sonya Dase<\/strong> (RKW \u2013 Servicestelle digital am Arbeitsplatz), <strong>Svenja Steffens<\/strong> (Leitung Hafen &amp; Umschlag und Logistik bei ma-co maritimes competenzcentrum GmbH),<strong> Iska Niemeyer<\/strong> (ESF-Projekt Wege in Besch\u00e4ftigung \u2013 PBW), <strong>Michael Steffen<\/strong> (Bildungszentrum der Wirtschaft im Unterwesergebiet).<\/figcaption><\/figure>\n\n\n\n<p>Aus den zahlreichen Ideen und Anregungen lassen sich diese Schlussfolgerungen besonders hervorheben:<\/p>\n\n\n\n<ul class=\"wp-block-list\">\n<li>Weiterbildungsangebote sollten m\u00f6glichst zielgenau und orientiert auf Kooperationspartner entwickelt werden; allgemeine Angebote sind offensichtlich selten erfolgreich.<\/li>\n\n\n\n<li>Sorgf\u00e4ltiger Umgang mit Sprache und \u00fcberhaupt kultureller Verschiedenheit ist eine \u00e4u\u00dferst wichtige Gelingensbedingung; Menschen mit Migrationshintergrund sind keine \u201cRandgruppe\u201d in der Weiterbildung, sondern machen eher die H\u00e4lfte der Teilnehmenden aus.<\/li>\n\n\n\n<li>Agentur f\u00fcr Arbeit und Jobcenter fordern die Bildungstr\u00e4ger auf: Entwickelt in diesem Sinn Projektideen, ohne zun\u00e4chst auf F\u00f6rderm\u00f6glichkeiten zu schauen, kommt dann zu uns und wir werden alles daransetzen, diese Projekte zu unterst\u00fctzen.<\/li>\n<\/ul>\n\n\n\n<p>\u201eEs war ein ereignisreicher Tag, der deutlich gemacht hat, was wir schon geschafft haben und woran wir noch mit vereinter Kraft arbeiten m\u00fcssen. Wir haben nicht die eine L\u00f6sung gefunden, aber wir haben verschiedene Denkanst\u00f6\u00dfe und Anregungen erhalten, um Qualifizierung und Weiterbildung zu bef\u00f6rdern und die vorhandenen Mittel sinnvoll \u201eauf die Stra\u00dfe\u201c zu bringen \u2013 und nat\u00fcrlich auch neue Fragen\u201c, so das Res\u00fcmee von Frauke Felix als Moderatorin.<\/p>\n","protected":false},"excerpt":{"rendered":"<p>Fachtag &#8222;Qualifizieren f\u00fcr Besch\u00e4ftigung&#8220; Ein R\u00fcckblick auf die Veranstaltung des VaDiB am 9. Februar 2023 im KWADRAT (Werkstatt Bremen). Inhaltlich er\u00f6ffnete den Fachtag Armin Zubr\u00e4gel (Gesch\u00e4ftsf\u00fchrer operativ bei der Agentur f\u00fcr Arbeit Bremen-Bremerhaven) mit einem Aufriss der Rahmenbeingungen f\u00fcr die F\u00f6rderung durch Agentur und Jobcenter, verbunden mit dem Blick auf Schwierigkeiten und L\u00f6sungsm\u00f6glichkeiten bei der &hellip; <\/p>\n<p class=\"link-more\"><a href=\"https:\/\/www.vadib.de\/?page_id=14707\" class=\"more-link\"><span class=\"screen-reader-text\">\u201eFachtag &#8222;Qualifizieren f\u00fcr Besch\u00e4ftigung&#8220; (Februar 2023)\u201c <\/span>weiterlesen<\/a><\/p>\n","protected":false},"author":1,"featured_media":0,"parent":0,"menu_order":0,"comment_status":"closed","ping_status":"closed","template":"","meta":{"footnotes":""},"class_list":["post-14707","page","type-page","status-publish","hentry"],"_links":{"self":[{"href":"https:\/\/www.vadib.de\/index.php?rest_route=\/wp\/v2\/pages\/14707","targetHints":{"allow":["GET"]}}],"collection":[{"href":"https:\/\/www.vadib.de\/index.php?rest_route=\/wp\/v2\/pages"}],"about":[{"href":"https:\/\/www.vadib.de\/index.php?rest_route=\/wp\/v2\/types\/page"}],"author":[{"embeddable":true,"href":"https:\/\/www.vadib.de\/index.php?rest_route=\/wp\/v2\/users\/1"}],"replies":[{"embeddable":true,"href":"https:\/\/www.vadib.de\/index.php?rest_route=%2Fwp%2Fv2%2Fcomments&post=14707"}],"version-history":[{"count":15,"href":"https:\/\/www.vadib.de\/index.php?rest_route=\/wp\/v2\/pages\/14707\/revisions"}],"predecessor-version":[{"id":23529,"href":"https:\/\/www.vadib.de\/index.php?rest_route=\/wp\/v2\/pages\/14707\/revisions\/23529"}],"wp:attachment":[{"href":"https:\/\/www.vadib.de\/index.php?rest_route=%2Fwp%2Fv2%2Fmedia&parent=14707"}],"curies":[{"name":"wp","href":"https:\/\/api.w.org\/{rel}","templated":true}]}}