{"id":123,"date":"2017-08-26T14:35:51","date_gmt":"2017-08-26T12:35:51","guid":{"rendered":"http:\/\/neu.vadib.de\/?page_id=123"},"modified":"2025-01-08T15:40:36","modified_gmt":"2025-01-08T14:40:36","slug":"lernmesse","status":"publish","type":"page","link":"https:\/\/www.vadib.de\/?page_id=123","title":{"rendered":"Lernmesse Bremen 2020"},"content":{"rendered":"\n<h4 class=\"wp-block-heading\">R\u00fcckblick auf die Lernmesse Bremen 2020<\/h4>\n\n\n\n<figure class=\"wp-block-image size-large is-resized\"><a href=\"https:\/\/www.vadib.de\/wp-content\/uploads\/2020\/02\/lernmesse_2020_3700.jpg\" target=\"_blank\" rel=\"noreferrer noopener\"><img loading=\"lazy\" decoding=\"async\" width=\"1024\" height=\"682\" src=\"https:\/\/www.vadib.de\/wp-content\/uploads\/2020\/02\/lernmesse_2020_3700-1024x682.jpg\" alt=\"\" class=\"wp-image-6664\" style=\"width:747px;height:496px\" srcset=\"https:\/\/www.vadib.de\/wp-content\/uploads\/2020\/02\/lernmesse_2020_3700-1024x682.jpg 1024w, https:\/\/www.vadib.de\/wp-content\/uploads\/2020\/02\/lernmesse_2020_3700-300x200.jpg 300w, https:\/\/www.vadib.de\/wp-content\/uploads\/2020\/02\/lernmesse_2020_3700-768x511.jpg 768w, https:\/\/www.vadib.de\/wp-content\/uploads\/2020\/02\/lernmesse_2020_3700-1536x1022.jpg 1536w, https:\/\/www.vadib.de\/wp-content\/uploads\/2020\/02\/lernmesse_2020_3700.jpg 2048w\" sizes=\"auto, (max-width: 767px) 89vw, (max-width: 1000px) 54vw, (max-width: 1071px) 543px, 580px\" \/><\/a><\/figure>\n\n\n\n<p>Die <em>Lernmesse Bremen<\/em> hat in diesem Format \u2212 eine Veranstaltung im Jahr an einem zentralen Ort in Bremen \u2212 am 29. Januar 2020 zum letzten Mal  im Metropoltheater in Bremen stattgefunden.<\/p>\n\n\n\n<p>Bew\u00e4hrtes Veranstaltungsformat und wieder an einem Ort wie dem Metropotheater  war eine Mischung, um die Lernmesse 2020 zu einem Erfolg zu machen. Etwa 50 Aussteller und ca.  1.100 sehr interessierte Besucherinnen und Besucher, die sich \u00fcber Wege in Arbeit durch Fort- und Weiterbildung informieren und beraten lassen wollten.<\/p>\n\n\n\n<p>Die Lernmesse 2020 wurde von der Agentur f\u00fcr Arbeit Bremen und Bremerhaven, dem Jobcenter Bremen und dem Weser Kurier als Medienpartner unterst\u00fctzt. <\/p>\n\n\n\n<p>Die \u00fcberwiegende Mehrheit der Aussteller sowie der Besucherinnen und Besucher haben sich sehr zufrieden \u00fcber die Lernmesse Bremen an diesem Standort ge\u00e4u\u00dfert.<\/p>\n\n\n\n<p>Die Corona-Pandemie hat eine Fortsetzung in den darauf folgenden Jahren verhindert. Den VaDiB hat der Einschnitt veranlasst, \u00fcber das Messeformat nachzudenken. Das Ergebnis ist unser neues Messeformat.<\/p>\n\n\n\n<p>Das sind die wichtigsten Eckpunkte:<\/p>\n\n\n\n<ul class=\"wp-block-list\">\n<li>Dezentral im Quartier.<\/li>\n\n\n\n<li>Nah am Kunden.<\/li>\n\n\n\n<li>Unaufwendig im Aufbau.<\/li>\n\n\n\n<li>Kurze Wege f\u00fcrs Netzwerken.<\/li>\n\n\n\n<li>Beschr\u00e4nkung der Dauer auf drei Stunden.<\/li>\n\n\n\n<li>Schauen Sie <strong><a href=\"https:\/\/vimeo.com\/885919613\/fd9cd6fe7a?ts=0&amp;share=copy\">HIER<\/a><\/strong>.<\/li>\n<\/ul>\n\n\n\n<p><\/p>\n","protected":false},"excerpt":{"rendered":"<p>R\u00fcckblick auf die Lernmesse Bremen 2020 Die Lernmesse Bremen hat in diesem Format \u2212 eine Veranstaltung im Jahr an einem zentralen Ort in Bremen \u2212 am 29. Januar 2020 zum letzten Mal im Metropoltheater in Bremen stattgefunden. Bew\u00e4hrtes Veranstaltungsformat und wieder an einem Ort wie dem Metropotheater war eine Mischung, um die Lernmesse 2020 zu &hellip; <\/p>\n<p class=\"link-more\"><a href=\"https:\/\/www.vadib.de\/?page_id=123\" class=\"more-link\"><span class=\"screen-reader-text\">\u201eLernmesse Bremen 2020\u201c <\/span>weiterlesen<\/a><\/p>\n","protected":false},"author":1,"featured_media":0,"parent":0,"menu_order":0,"comment_status":"closed","ping_status":"closed","template":"","meta":{"footnotes":""},"class_list":["post-123","page","type-page","status-publish","hentry"],"_links":{"self":[{"href":"https:\/\/www.vadib.de\/index.php?rest_route=\/wp\/v2\/pages\/123","targetHints":{"allow":["GET"]}}],"collection":[{"href":"https:\/\/www.vadib.de\/index.php?rest_route=\/wp\/v2\/pages"}],"about":[{"href":"https:\/\/www.vadib.de\/index.php?rest_route=\/wp\/v2\/types\/page"}],"author":[{"embeddable":true,"href":"https:\/\/www.vadib.de\/index.php?rest_route=\/wp\/v2\/users\/1"}],"replies":[{"embeddable":true,"href":"https:\/\/www.vadib.de\/index.php?rest_route=%2Fwp%2Fv2%2Fcomments&post=123"}],"version-history":[{"count":68,"href":"https:\/\/www.vadib.de\/index.php?rest_route=\/wp\/v2\/pages\/123\/revisions"}],"predecessor-version":[{"id":21811,"href":"https:\/\/www.vadib.de\/index.php?rest_route=\/wp\/v2\/pages\/123\/revisions\/21811"}],"wp:attachment":[{"href":"https:\/\/www.vadib.de\/index.php?rest_route=%2Fwp%2Fv2%2Fmedia&parent=123"}],"curies":[{"name":"wp","href":"https:\/\/api.w.org\/{rel}","templated":true}]}}