{"id":10006,"date":"2021-05-17T17:13:21","date_gmt":"2021-05-17T15:13:21","guid":{"rendered":"https:\/\/www.vadib.de\/?page_id=10006"},"modified":"2026-03-09T10:48:53","modified_gmt":"2026-03-09T09:48:53","slug":"lernmesse-2-2","status":"publish","type":"page","link":"https:\/\/www.vadib.de\/?page_id=10006","title":{"rendered":"Qualifizieren f\u00fcr Besch\u00e4ftigung"},"content":{"rendered":"\n<h4 class=\"wp-block-heading\"><a href=\"https:\/\/www.vadib.de\/?page_id=17212\">Video \u201cQualifizieren f\u00fcr Besch\u00e4ftigung\u201d<\/a><\/h4>\n\n\n\n<hr class=\"wp-block-separator has-alpha-channel-opacity is-style-wide\"\/>\n\n\n\n<h4 class=\"wp-block-heading\"><a href=\"https:\/\/www.vadib.de\/?page_id=16967\">Weiterbildungsmesse \u2212 Further education fair \u2212 \u0130leri e\u011fitim fuar\u0131 \u2212 \u0645\u0639\u0631\u0636 \u0644\u0644\u062a\u062f\u0631\u064a\u0628 \u0627\u0644\u0625\u0636\u0627\u0641\u064a \u2212 \u042f\u0440\u043c\u0430\u0440\u043e\u043a \u0434\u043e\u0434\u0430\u0442\u043a\u043e\u0432\u043e\u0457 \u043e\u0441\u0432\u0456\u0442\u0438 \u2212 \u042f\u0440\u043c\u0430\u0440\u043a\u0430 \u0434\u043e\u043f\u043e\u043b\u043d\u0438\u0442\u0435\u043b\u044c\u043d\u043e\u0433\u043e \u043e\u0431\u0440\u0430\u0437\u043e\u0432\u0430\u043d\u0438\u044f<\/a><\/h4>\n\n\n\n<h4 class=\"wp-block-heading\"><a href=\"https:\/\/www.vadib.de\/?page_id=26589\">Messe in der Region Mitte (Juni 2026)<\/a><\/h4>\n\n\n\n<h4 class=\"wp-block-heading\"><a href=\"https:\/\/www.vadib.de\/?page_id=23925\">Messe in der Region NORD (Januar 2026)<\/a><\/h4>\n\n\n\n<h4 class=\"wp-block-heading\"><a href=\"https:\/\/www.vadib.de\/?page_id=25052\">Messe in der Region Ost (September 2025)<\/a><\/h4>\n\n\n\n<h4 class=\"wp-block-heading\"><a href=\"https:\/\/www.vadib.de\/?page_id=23925\">Messe in der Region OST (September 2025)<\/a><\/h4>\n\n\n\n<h4 class=\"wp-block-heading\"><a href=\"https:\/\/www.vadib.de\/?page_id=22869\">Messe in der Region MITTE (Juni 2025)<\/a><\/h4>\n\n\n\n<h4 class=\"wp-block-heading\"><a href=\"https:\/\/www.vadib.de\/?page_id=22088\">Messe in der Region WEST (April 2025<\/a><\/h4>\n\n\n\n<h4 class=\"wp-block-heading\"><a href=\"https:\/\/www.vadib.de\/?page_id=21165\">Messe in der Region NORD (Januar 2025)<\/a><\/h4>\n\n\n\n<h4 class=\"wp-block-heading\"><a href=\"https:\/\/www.vadib.de\/?page_id=20334\">Messe in der Region S\u00dcD ( November 2024)<\/a><\/h4>\n\n\n\n<h4 class=\"wp-block-heading\"><a href=\"https:\/\/www.vadib.de\/?page_id=19161\">Messe in der Region OST ( August 2024)<\/a><\/h4>\n\n\n\n<h4 class=\"wp-block-heading\"><a href=\"https:\/\/www.vadib.de\/?page_id=18007\">Messe in der Region WEST\/MITTE  (April 2024)<\/a><\/h4>\n\n\n\n<h4 class=\"wp-block-heading\"><a href=\"https:\/\/www.vadib.de\/?page_id=21816\">Messe in der Region NORD (Januar 2024)<\/a><\/h4>\n\n\n\n<h4 class=\"wp-block-heading\"><a href=\"https:\/\/www.vadib.de\/?page_id=15703\">Messe in der Region S\u00dcD (November 2023)<\/a><\/h4>\n\n\n\n<h4 class=\"wp-block-heading\"><a href=\"https:\/\/www.vadib.de\/?page_id=14952\">Messe in der Region OST (Mai 2023)<\/a><\/h4>\n\n\n\n<h4 class=\"wp-block-heading\"><a href=\"https:\/\/www.vadib.de\/?page_id=123\">Lernmesse Bremen (Januar 2020)<\/a><\/h4>\n","protected":false},"excerpt":{"rendered":"<p>Video \u201cQualifizieren f\u00fcr Besch\u00e4ftigung\u201d Weiterbildungsmesse \u2212 Further education fair \u2212 \u0130leri e\u011fitim fuar\u0131 \u2212 \u0645\u0639\u0631\u0636 \u0644\u0644\u062a\u062f\u0631\u064a\u0628 \u0627\u0644\u0625\u0636\u0627\u0641\u064a \u2212 \u042f\u0440\u043c\u0430\u0440\u043e\u043a \u0434\u043e\u0434\u0430\u0442\u043a\u043e\u0432\u043e\u0457 \u043e\u0441\u0432\u0456\u0442\u0438 \u2212 \u042f\u0440\u043c\u0430\u0440\u043a\u0430 \u0434\u043e\u043f\u043e\u043b\u043d\u0438\u0442\u0435\u043b\u044c\u043d\u043e\u0433\u043e \u043e\u0431\u0440\u0430\u0437\u043e\u0432\u0430\u043d\u0438\u044f Messe in der Region Mitte (Juni 2026) Messe in der Region NORD (Januar 2026) Messe in der Region Ost (September 2025) Messe in der Region OST (September 2025) Messe in &hellip; <\/p>\n<p class=\"link-more\"><a href=\"https:\/\/www.vadib.de\/?page_id=10006\" class=\"more-link\"><span class=\"screen-reader-text\">\u201eQualifizieren f\u00fcr Besch\u00e4ftigung\u201c <\/span>weiterlesen<\/a><\/p>\n","protected":false},"author":1,"featured_media":0,"parent":0,"menu_order":0,"comment_status":"closed","ping_status":"closed","template":"","meta":{"footnotes":""},"class_list":["post-10006","page","type-page","status-publish","hentry"],"_links":{"self":[{"href":"https:\/\/www.vadib.de\/index.php?rest_route=\/wp\/v2\/pages\/10006","targetHints":{"allow":["GET"]}}],"collection":[{"href":"https:\/\/www.vadib.de\/index.php?rest_route=\/wp\/v2\/pages"}],"about":[{"href":"https:\/\/www.vadib.de\/index.php?rest_route=\/wp\/v2\/types\/page"}],"author":[{"embeddable":true,"href":"https:\/\/www.vadib.de\/index.php?rest_route=\/wp\/v2\/users\/1"}],"replies":[{"embeddable":true,"href":"https:\/\/www.vadib.de\/index.php?rest_route=%2Fwp%2Fv2%2Fcomments&post=10006"}],"version-history":[{"count":51,"href":"https:\/\/www.vadib.de\/index.php?rest_route=\/wp\/v2\/pages\/10006\/revisions"}],"predecessor-version":[{"id":26594,"href":"https:\/\/www.vadib.de\/index.php?rest_route=\/wp\/v2\/pages\/10006\/revisions\/26594"}],"wp:attachment":[{"href":"https:\/\/www.vadib.de\/index.php?rest_route=%2Fwp%2Fv2%2Fmedia&parent=10006"}],"curies":[{"name":"wp","href":"https:\/\/api.w.org\/{rel}","templated":true}]}}